{"id":100396,"date":"2024-08-12T15:25:34","date_gmt":"2024-08-12T13:25:34","guid":{"rendered":"https:\/\/smartfixsl.com\/aviso-legal\/"},"modified":"2025-02-27T13:33:55","modified_gmt":"2025-02-27T12:33:55","slug":"mentions-legales","status":"publish","type":"page","link":"https:\/\/smartfixsl.com\/fr\/mentions-legales\/","title":{"rendered":"Mentions l\u00e9gales"},"content":{"rendered":"\t\t<div data-elementor-type=\"wp-page\" data-elementor-id=\"100396\" class=\"elementor elementor-100396 elementor-94708\" data-elementor-post-type=\"page\">\n\t\t\t\t\t\t<section class=\"elementor-section elementor-top-section elementor-element elementor-element-583786c elementor-reverse-tablet elementor-reverse-mobile elementor-section-height-min-height elementor-section-items-stretch elementor-section-boxed elementor-section-height-default\" data-id=\"583786c\" data-element_type=\"section\" data-e-type=\"section\" data-settings=\"{&quot;background_background&quot;:&quot;gradient&quot;}\">\n\t\t\t\t\t\t\t<div class=\"elementor-background-overlay\"><\/div>\n\t\t\t\t\t\t\t<div class=\"elementor-container elementor-column-gap-wider\">\n\t\t\t\t\t<div class=\"elementor-column elementor-col-100 elementor-top-column elementor-element elementor-element-a969fa0\" data-id=\"a969fa0\" data-element_type=\"column\" data-e-type=\"column\">\n\t\t\t<div class=\"elementor-widget-wrap\">\n\t\t\t\t\t\t\t<\/div>\n\t\t<\/div>\n\t\t\t\t\t<\/div>\n\t\t<\/section>\n\t\t\t\t<section class=\"elementor-section elementor-top-section elementor-element elementor-element-d84c68d elementor-reverse-tablet elementor-reverse-mobile elementor-section-boxed elementor-section-height-default elementor-section-height-default\" data-id=\"d84c68d\" data-element_type=\"section\" data-e-type=\"section\" data-settings=\"{&quot;background_background&quot;:&quot;classic&quot;}\">\n\t\t\t\t\t\t<div class=\"elementor-container elementor-column-gap-wider\">\n\t\t\t\t\t<div class=\"elementor-column elementor-col-100 elementor-top-column elementor-element elementor-element-4f1b65e\" data-id=\"4f1b65e\" data-element_type=\"column\" data-e-type=\"column\">\n\t\t\t<div class=\"elementor-widget-wrap elementor-element-populated\">\n\t\t\t\t\t\t<div class=\"elementor-element elementor-element-6f99e38 elementor-widget__width-initial elementor-widget elementor-widget-text-editor\" data-id=\"6f99e38\" data-element_type=\"widget\" data-e-type=\"widget\" data-widget_type=\"text-editor.default\">\n\t\t\t\t\t\t\t\t\t<p><strong><span><span class=\"\">Smartfix, Tecnolog\u00eda e Innovaci\u00f3n, SL<\/span><\/span><\/strong><span><span class=\"\">\u00a0, responsable du site Web, ci-apr\u00e8s RESPONSABLE, met \u00e0 la disposition des utilisateurs ce document, avec lequel il entend se conformer aux obligations pr\u00e9vues par la loi 34\/2002, du 11 juillet, sur les services de la soci\u00e9t\u00e9 de l&rsquo;information et du commerce \u00e9lectronique (LSSICE), BOE n\u00b0 166, ainsi qu&rsquo;informer tous les utilisateurs du site Web des conditions d&rsquo;utilisation.<\/span><\/span><\/p><p><span>Toute personne acc\u00e9dant \u00e0 ce site Web assume le r\u00f4le d&rsquo;utilisateur, s&rsquo;engageant \u00e0 observer et \u00e0 respecter strictement les dispositions indiqu\u00e9es ici, ainsi que toute autre disposition l\u00e9gale pouvant \u00eatre applicable.<\/span><\/p><p><strong><span>Smartfix, Tecnolog\u00eda e Innovaci\u00f3n, SL<\/span><\/strong><span>\u00a0\u00a0se r\u00e9serve le droit de modifier tout type d&rsquo;informations pouvant<\/span><br \/><span>appara\u00eetre sur le site Web, sans aucune obligation de notifier ou d&rsquo;informer les utilisateurs de ces<\/span><br \/><span>obligations, la publication sur le site Web de Smartfix, Tecnolog\u00eda e Innovaci\u00f3n, SL \u00e9tant consid\u00e9r\u00e9e comme suffisante<\/span><br \/><span>.<\/span><\/p><h5><span>1. DONN\u00c9ES D&rsquo;IDENTIFICATION<\/span><\/h5><p><span>Nom commercial :\u00a0\u00a0<\/span><strong><span>SMARTFIX<\/span><\/strong><br \/><span>Raison sociale :\u00a0\u00a0<\/span><strong><span>Smartfix, Tecnolog\u00eda e Innovaci\u00f3n, SL<\/span><\/strong><br \/><span>Num\u00e9ro d&rsquo;identification fiscale :\u00a0\u00a0<\/span><strong><span>B71367197<\/span><\/strong><br \/><span>Adresse :\u00a0\u00a0<\/span><strong><span>Pol. Ind. Las Labradas \u00b7 Comunidad Foral de Navarra, 5 \u2013 35100 Tudela (Navarra)<\/span><\/strong><br \/><span>T\u00e9l\u00e9phone :\u00a0\u00a0<\/span><strong><a href=\"tel:948848892?_x_tr_sl=auto&amp;_x_tr_tl=fr&amp;_x_tr_hl=es&amp;_x_tr_pto=wapp\" target=\"_blank\" rel=\"noopener\"><span>948 848 892<\/span><\/a><\/strong><br \/><span>E-mail :\u00a0\u00a0<\/span><strong><a href=\"mailto:info@smartfixsl.com?_x_tr_sl=auto&amp;_x_tr_tl=fr&amp;_x_tr_hl=es&amp;_x_tr_pto=wapp\" target=\"_blank\" rel=\"noopener\"><span>info@smartfixsl.com<\/span><\/a><\/strong><br \/><span>Inscrite au Registre du Commerce de Navarre, Tome 1932, Folio 169, Section 8, Page NA-38443<\/span><\/p><h5><span>2. PROTECTION DES DONN\u00c9ES PERSONNELLES LE RESPONSABLE DU TRAITEMENT<\/span><\/h5><p><span>est profond\u00e9ment engag\u00e9 dans le respect de la r\u00e9glementation en vigueur en mati\u00e8re de protection des donn\u00e9es personnelles et garantit le plein respect des obligations qui y sont \u00e9nonc\u00e9es, ainsi que la mise en \u0153uvre des mesures de s\u00e9curit\u00e9 requises.<\/span><br \/><span>Pour plus d&rsquo;informations sur le traitement des donn\u00e9es personnelles, veuillez consulter notre\u00a0\u00a0<\/span><a href=\"https:\/\/smartfixsl-com.translate.goog\/politica-de-privacidad-2\/?_x_tr_sl=auto&amp;_x_tr_tl=fr&amp;_x_tr_hl=es&amp;_x_tr_pto=wapp\" target=\"_blank\" rel=\"noopener\"><strong><span>Politique de confidentialit\u00e9<\/span><\/strong><\/a><span>\u00a0.<\/span><\/p><h5><span>3. UTILISATION DES COOKIES<\/span><\/h5><p><span>Ce site Web peut utiliser des cookies et d&rsquo;autres technologies similaires telles que des objets locaux partag\u00e9s, des cookies Flash ou des pixels, qui sont de petits fichiers que certaines plateformes, telles que les pages Web, peuvent installer sur l&rsquo;appareil de l&rsquo;utilisateur (ordinateur, tablette, smartphone, etc.).<\/span><br \/><span>Leurs fonctions peuvent \u00eatre tr\u00e8s vari\u00e9es : stocker les pr\u00e9f\u00e9rences de navigation, collecter des informations statistiques, activer certaines fonctionnalit\u00e9s techniques, stocker des informations sur les habitudes de navigation de l&rsquo;utilisateur ou de son appareil, etc.<\/span><br \/><span>L&rsquo;utilisateur a la possibilit\u00e9 de configurer son navigateur pour \u00eatre averti de la r\u00e9ception de cookies et emp\u00eacher leur installation sur son ordinateur. Veuillez consulter les instructions de votre navigateur pour plus d&rsquo;informations.<\/span><br \/><span>Pour plus d&rsquo;informations sur les cookies, consultez notre\u00a0\u00a0<\/span><strong><span>politique de cookies<\/span><\/strong><span>\u00a0.<\/span><\/p><h5><span>4. DROITS DE PROPRI\u00c9T\u00c9 INTELLECTUELLE ET INDUSTRIELLE<\/span><\/h5><p><span>Le site Web, y compris, mais sans s&rsquo;y limiter, sa programmation, son \u00e9dition, sa compilation et d&rsquo;autres \u00e9l\u00e9ments n\u00e9cessaires \u00e0 son fonctionnement, conceptions, logos, textes et\/ou graphiques, sont la propri\u00e9t\u00e9 du RESPONSABLE ou, le cas \u00e9ch\u00e9ant, disposent d&rsquo;une licence ou d&rsquo;une autorisation expresse des auteurs. Tous les contenus du site Web sont d\u00fbment prot\u00e9g\u00e9s par la r\u00e9glementation sur la propri\u00e9t\u00e9 intellectuelle et industrielle et sont enregistr\u00e9s dans les registres publics correspondants.<\/span><\/p><p><span>Quelle que soit la finalit\u00e9 \u00e0 laquelle elles sont destin\u00e9es, la reproduction totale ou partielle, l&rsquo;utilisation, l&rsquo;exploitation, la distribution et la commercialisation, n\u00e9cessitent dans tous les cas l&rsquo;autorisation \u00e9crite pr\u00e9alable du RESPONSABLE. Toute utilisation non pr\u00e9alablement autoris\u00e9e est consid\u00e9r\u00e9e comme une violation grave des droits de propri\u00e9t\u00e9 intellectuelle ou industrielle de l&rsquo;auteur.<\/span><\/p><p><span>Les dessins, logos, textes et\/ou graphiques qui n&rsquo;appartiennent pas au RESPONSABLE et qui peuvent appara\u00eetre sur le site Web appartiennent \u00e0 leurs propri\u00e9taires respectifs, qui sont eux-m\u00eames responsables de toute controverse \u00e9ventuelle pouvant survenir \u00e0 leur sujet. Le RESPONSABLE autorise express\u00e9ment les tiers \u00e0 rediriger directement vers le contenu sp\u00e9cifique du site Web, et en tout cas \u00e0 rediriger vers le site Web principal smartfixsl.com\/. Le RESPONSABLE reconna\u00eet les droits de propri\u00e9t\u00e9 intellectuelle et industrielle correspondants en faveur de leurs titulaires, et leur simple mention ou apparition sur le site Web n&rsquo;implique pas l&rsquo;existence d&rsquo;un quelconque droit ou responsabilit\u00e9 sur ceux-ci, ni n&rsquo;implique une approbation, un parrainage ou une recommandation de la part du RESPONSABLE. Pour effectuer tout type d&rsquo;observation concernant d&rsquo;\u00e9ventuelles violations des droits de propri\u00e9t\u00e9 intellectuelle ou industrielle, ainsi que sur l&rsquo;un des contenus du site Web, vous pouvez le faire par courrier \u00e9lectronique\u00a0\u00a0<\/span><span>\u00e0 <a href=\"mailto:info@smartfixsl.com\">info@smartfixsl.com<\/a><\/span><span>\u00a0.<\/span><\/p><h5><span>5. RESPONSABILIT\u00c9 DU CONTENU<\/span><\/h5><p><span>Le RESPONSABLE n&rsquo;est pas responsable des informations et du contenu stock\u00e9s, y compris, mais sans s&rsquo;y limiter, des forums, des chats, des g\u00e9n\u00e9rateurs de blogs, des commentaires, des r\u00e9seaux sociaux ou tout autre moyen permettant \u00e0 des tiers de publier du contenu de mani\u00e8re ind\u00e9pendante sur le site Web du RESPONSABLE. Toutefois, et conform\u00e9ment aux dispositions des articles 11 et 16 de la LSSICE, il est mis \u00e0 la disposition de tous les utilisateurs, autorit\u00e9s et forces de s\u00e9curit\u00e9, en collaborant activement au retrait ou, le cas \u00e9ch\u00e9ant, au blocage de tout contenu pouvant affecter ou contrevenir \u00e0 la l\u00e9gislation nationale ou internationale, aux droits des tiers ou \u00e0 la morale et \u00e0 l&rsquo;ordre public. Si l&rsquo;utilisateur consid\u00e8re qu&rsquo;il existe sur le site Web un contenu susceptible d&rsquo;\u00eatre susceptible de relever de cette classification, il doit en informer imm\u00e9diatement le RESPONSABLE.<\/span><br \/><span>Le RESPONSABLE se r\u00e9serve le droit d&rsquo;apporter des modifications au site Web sans pr\u00e9avis, afin de maintenir ses informations \u00e0 jour, en ajoutant, modifiant, corrigeant ou supprimant le contenu publi\u00e9 ou la conception du portail.<\/span><br \/><span>Le RESPONSABLE ne sera pas responsable de l&rsquo;utilisation que des tiers font des informations publi\u00e9es sur le portail, ni des dommages ou pertes \u00e9conomiques qui, directement ou indirectement, produisent ou peuvent produire des dommages \u00e9conomiques, mat\u00e9riels ou de donn\u00e9es, caus\u00e9s par l&rsquo;utilisation de ces informations.<\/span><\/p><h5><span>6. POLITIQUE DE LIENS<\/span><\/h5><p><span>\u00c0 partir du site Web, vous pouvez \u00eatre redirig\u00e9 vers du contenu sur des sites Web tiers. \u00c9tant donn\u00e9 que le RESPONSABLE ne peut pas toujours contr\u00f4ler le contenu publi\u00e9 par des tiers sur leurs sites Web respectifs, il n&rsquo;assume aucun type de responsabilit\u00e9 pour ledit contenu. Dans tous les cas, tout contenu pouvant contrevenir \u00e0 la l\u00e9gislation nationale ou internationale, \u00e0 la morale ou \u00e0 l&rsquo;ordre public sera imm\u00e9diatement retir\u00e9, la redirection vers ledit site Web sera imm\u00e9diatement supprim\u00e9e et les autorit\u00e9s comp\u00e9tentes seront inform\u00e9es du contenu en question.<\/span><\/p><h5><span>7. AVERTISSEMENT<\/span><\/h5><p><span>Le RESPONSABLE est exon\u00e9r\u00e9 de tout type de responsabilit\u00e9 d\u00e9riv\u00e9e des informations publi\u00e9es sur son site Web \u00e0 condition que ces informations aient \u00e9t\u00e9 manipul\u00e9es ou introduites par un tiers ext\u00e9rieur \u00e0 lui.<\/span><\/p><h5><span>8. ADRESSES IP<\/span><\/h5><p><span>Les serveurs du site Web pourront d\u00e9tecter automatiquement l\u2019adresse IP et le nom de domaine utilis\u00e9s par l\u2019utilisateur. Une adresse IP est un num\u00e9ro attribu\u00e9 automatiquement \u00e0 un ordinateur lorsqu&rsquo;il se connecte \u00e0 Internet. Toutes ces informations sont enregistr\u00e9es dans un fichier d&rsquo;activit\u00e9 du serveur qui permet le traitement ult\u00e9rieur des donn\u00e9es afin d&rsquo;obtenir des mesures purement statistiques qui nous permettent de conna\u00eetre le nombre d&rsquo;impressions de pages, le nombre de visites effectu\u00e9es sur les serveurs web, l&rsquo;ordre des visites, le point d&rsquo;acc\u00e8s, etc.<\/span><\/p><h5><span>9. LOI APPLICABLE ET JURIDICTION<\/span><\/h5><p><span>La loi applicable en cas de litige ou de conflit d&rsquo;interpr\u00e9tation des termes qui composent le pr\u00e9sent avis juridique, ainsi que de toute question li\u00e9e aux services de ce portail, sera la loi espagnole.<\/span><br \/><span>Tout litige pouvant survenir entre le RESPONSABLE et les utilisateurs du Site Web sera r\u00e9gl\u00e9, les Parties renon\u00e7ant express\u00e9ment \u00e0 leur propre juridiction, par les Cours et Tribunaux les plus proches de Tudela.<\/span><br \/><span>Si l&rsquo;utilisateur est un consommateur, rien dans cette clause n&rsquo;affectera les droits reconnus comme tels par la Loi G\u00e9n\u00e9rale pour la D\u00e9fense des Consommateurs et des Utilisateurs.<\/span><\/p>\t\t\t\t\t\t\t\t<\/div>\n\t\t\t\t<div class=\"elementor-element elementor-element-c1ffaf1 elementor-widget elementor-widget-spacer\" data-id=\"c1ffaf1\" data-element_type=\"widget\" data-e-type=\"widget\" data-widget_type=\"spacer.default\">\n\t\t\t\t\t\t\t<div class=\"elementor-spacer\">\n\t\t\t<div class=\"elementor-spacer-inner\"><\/div>\n\t\t<\/div>\n\t\t\t\t\t\t<\/div>\n\t\t\t\t\t<\/div>\n\t\t<\/div>\n\t\t\t\t\t<\/div>\n\t\t<\/section>\n\t\t\t\t<\/div>\n\t\t","protected":false},"excerpt":{"rendered":"<p>Smartfix, Tecnolog\u00eda e Innovaci\u00f3n, SL\u00a0, responsable du site Web, ci-apr\u00e8s RESPONSABLE, met \u00e0 la disposition des utilisateurs ce document, avec lequel il entend se conformer aux obligations pr\u00e9vues par la loi 34\/2002, du 11 juillet, sur les services de la soci\u00e9t\u00e9 de l&rsquo;information et du commerce \u00e9lectronique (LSSICE), BOE n\u00b0 166, ainsi qu&rsquo;informer tous les&hellip;<\/p>\n","protected":false},"author":1,"featured_media":0,"parent":0,"menu_order":21,"comment_status":"closed","ping_status":"closed","template":"elementor_header_footer","meta":{"footnotes":""},"class_list":["post-100396","page","type-page","status-publish","hentry"],"_links":{"self":[{"href":"https:\/\/smartfixsl.com\/fr\/wp-json\/wp\/v2\/pages\/100396","targetHints":{"allow":["GET"]}}],"collection":[{"href":"https:\/\/smartfixsl.com\/fr\/wp-json\/wp\/v2\/pages"}],"about":[{"href":"https:\/\/smartfixsl.com\/fr\/wp-json\/wp\/v2\/types\/page"}],"author":[{"embeddable":true,"href":"https:\/\/smartfixsl.com\/fr\/wp-json\/wp\/v2\/users\/1"}],"replies":[{"embeddable":true,"href":"https:\/\/smartfixsl.com\/fr\/wp-json\/wp\/v2\/comments?post=100396"}],"version-history":[{"count":5,"href":"https:\/\/smartfixsl.com\/fr\/wp-json\/wp\/v2\/pages\/100396\/revisions"}],"predecessor-version":[{"id":100403,"href":"https:\/\/smartfixsl.com\/fr\/wp-json\/wp\/v2\/pages\/100396\/revisions\/100403"}],"wp:attachment":[{"href":"https:\/\/smartfixsl.com\/fr\/wp-json\/wp\/v2\/media?parent=100396"}],"curies":[{"name":"wp","href":"https:\/\/api.w.org\/{rel}","templated":true}]}}