{"id":100979,"date":"2025-03-18T15:36:47","date_gmt":"2025-03-18T14:36:47","guid":{"rendered":"https:\/\/smartfixsl.com\/producto\/non%20class\u00e9\/cabeza-alomada-8\/"},"modified":"2025-03-18T17:04:59","modified_gmt":"2025-03-18T16:04:59","slug":"tete-bombee","status":"publish","type":"product","link":"https:\/\/smartfixsl.com\/fr\/produit\/rivets\/standard\/tete-bombee\/","title":{"rendered":"T\u00caTE BOMB\u00c9E"},"content":{"rendered":"<div class=\"flex-shrink-0 flex flex-col relative items-end\">\n<div class=\"pt-0\">\n<div class=\"gizmo-bot-avatar flex h-8 w-8 items-center justify-center overflow-hidden rounded-full\">\n<p>Con\u00e7u pour offrir une<strong> fixation forte et durable dans<\/strong> les applications o\u00f9 l&rsquo;acc\u00e8s n&rsquo;est possible que d&rsquo;un c\u00f4t\u00e9 de la pi\u00e8ce. Sa t\u00eate bomb\u00e9e et son expansion contr\u00f4l\u00e9e garantissent une <strong>connexion robuste et une finition propre.<\/strong><\/p>\n<p>Facile \u00e0 installer, efficace et parfait pour am\u00e9liorer la qualit\u00e9 et la rapidit\u00e9 dans les lignes d&rsquo;assemblage<strong>.<\/strong><\/p>\n<\/div>\n<\/div>\n<\/div>\n","protected":false},"excerpt":{"rendered":"<p>100% linen, relaxed fit<\/p>\n","protected":false},"featured_media":99355,"template":"","meta":[],"product_brand":[],"product_cat":[348,354],"product_tag":[],"class_list":{"0":"post-100979","1":"product","2":"type-product","3":"status-publish","4":"has-post-thumbnail","6":"product_cat-rivets","7":"product_cat-standard","8":"pa_color-red-fr","9":"description-off","11":"first","12":"outofstock","13":"shipping-taxable","14":"purchasable","15":"product-type-variable","16":"has-default-attributes"},"_links":{"self":[{"href":"https:\/\/smartfixsl.com\/fr\/wp-json\/wp\/v2\/product\/100979","targetHints":{"allow":["GET"]}}],"collection":[{"href":"https:\/\/smartfixsl.com\/fr\/wp-json\/wp\/v2\/product"}],"about":[{"href":"https:\/\/smartfixsl.com\/fr\/wp-json\/wp\/v2\/types\/product"}],"version-history":[{"count":3,"href":"https:\/\/smartfixsl.com\/fr\/wp-json\/wp\/v2\/product\/100979\/revisions"}],"predecessor-version":[{"id":100982,"href":"https:\/\/smartfixsl.com\/fr\/wp-json\/wp\/v2\/product\/100979\/revisions\/100982"}],"wp:featuredmedia":[{"embeddable":true,"href":"https:\/\/smartfixsl.com\/fr\/wp-json\/wp\/v2\/media\/99355"}],"wp:attachment":[{"href":"https:\/\/smartfixsl.com\/fr\/wp-json\/wp\/v2\/media?parent=100979"}],"wp:term":[{"taxonomy":"product_brand","embeddable":true,"href":"https:\/\/smartfixsl.com\/fr\/wp-json\/wp\/v2\/product_brand?post=100979"},{"taxonomy":"product_cat","embeddable":true,"href":"https:\/\/smartfixsl.com\/fr\/wp-json\/wp\/v2\/product_cat?post=100979"},{"taxonomy":"product_tag","embeddable":true,"href":"https:\/\/smartfixsl.com\/fr\/wp-json\/wp\/v2\/product_tag?post=100979"}],"curies":[{"name":"wp","href":"https:\/\/api.w.org\/{rel}","templated":true}]}}