{"id":101020,"date":"2024-11-08T12:54:29","date_gmt":"2024-11-08T11:54:29","guid":{"rendered":"https:\/\/smartfixsl.com\/producto\/non%20class\u00e9\/cabeza-avellanada\/"},"modified":"2025-03-18T21:11:06","modified_gmt":"2025-03-18T20:11:06","slug":"tete-fraisee","status":"publish","type":"product","link":"https:\/\/smartfixsl.com\/fr\/produit\/rivets\/standard\/tete-fraisee\/","title":{"rendered":"T\u00caTE FRAIS\u00c9E"},"content":{"rendered":"<div class=\"flex-shrink-0 flex flex-col relative items-end\">\n<div class=\"pt-0\">\n<div class=\"gizmo-bot-avatar flex h-8 w-8 items-center justify-center overflow-hidden rounded-full\">\n<div>\n<p>Con\u00e7u pour une fixation <strong>forte et durable<\/strong> dans les applications o\u00f9 l&rsquo;acc\u00e8s n&rsquo;est possible que d&rsquo;un c\u00f4t\u00e9 de la pi\u00e8ce. Sa t\u00eate frais\u00e9e et son expansion contr\u00f4l\u00e9e garantissent une <strong>installation discr\u00e8te et une connexion solide<\/strong>.<br \/>\nId\u00e9al pour am\u00e9liorer la qualit\u00e9 et la rapidit\u00e9 dans les lignes d&rsquo;assemblage, offrant une <strong>fixation solide et esth\u00e9tique.<\/strong><\/p>\n<\/div>\n<\/div>\n<\/div>\n<\/div>\n","protected":false},"excerpt":{"rendered":"<p>100% linen, relaxed fit<\/p>\n","protected":false},"featured_media":99364,"template":"","meta":[],"product_brand":[],"product_cat":[348,354],"product_tag":[],"class_list":{"0":"post-101020","1":"product","2":"type-product","3":"status-publish","4":"has-post-thumbnail","6":"product_cat-rivets","7":"product_cat-standard","8":"pa_color-red-fr","9":"description-off","11":"first","12":"instock","13":"sale","14":"shipping-taxable","15":"purchasable","16":"product-type-variable","17":"has-default-attributes"},"_links":{"self":[{"href":"https:\/\/smartfixsl.com\/fr\/wp-json\/wp\/v2\/product\/101020","targetHints":{"allow":["GET"]}}],"collection":[{"href":"https:\/\/smartfixsl.com\/fr\/wp-json\/wp\/v2\/product"}],"about":[{"href":"https:\/\/smartfixsl.com\/fr\/wp-json\/wp\/v2\/types\/product"}],"version-history":[{"count":3,"href":"https:\/\/smartfixsl.com\/fr\/wp-json\/wp\/v2\/product\/101020\/revisions"}],"predecessor-version":[{"id":101029,"href":"https:\/\/smartfixsl.com\/fr\/wp-json\/wp\/v2\/product\/101020\/revisions\/101029"}],"wp:featuredmedia":[{"embeddable":true,"href":"https:\/\/smartfixsl.com\/fr\/wp-json\/wp\/v2\/media\/99364"}],"wp:attachment":[{"href":"https:\/\/smartfixsl.com\/fr\/wp-json\/wp\/v2\/media?parent=101020"}],"wp:term":[{"taxonomy":"product_brand","embeddable":true,"href":"https:\/\/smartfixsl.com\/fr\/wp-json\/wp\/v2\/product_brand?post=101020"},{"taxonomy":"product_cat","embeddable":true,"href":"https:\/\/smartfixsl.com\/fr\/wp-json\/wp\/v2\/product_cat?post=101020"},{"taxonomy":"product_tag","embeddable":true,"href":"https:\/\/smartfixsl.com\/fr\/wp-json\/wp\/v2\/product_tag?post=101020"}],"curies":[{"name":"wp","href":"https:\/\/api.w.org\/{rel}","templated":true}]}}