{"id":101035,"date":"2024-11-08T13:01:33","date_gmt":"2024-11-08T12:01:33","guid":{"rendered":"https:\/\/smartfixsl.com\/producto\/non%20class\u00e9\/cabeza-avellanada-pintado\/"},"modified":"2025-03-18T21:39:49","modified_gmt":"2025-03-18T20:39:49","slug":"tete-fraisee-peinte","status":"publish","type":"product","link":"https:\/\/smartfixsl.com\/fr\/produit\/rivets\/standard\/tete-fraisee-peinte\/","title":{"rendered":"T\u00caTE FRAIS\u00c9E PEINTE"},"content":{"rendered":"<p>Con\u00e7u pour offrir une fixation <strong>forte et durable<\/strong> dans les applications o\u00f9 l&rsquo;acc\u00e8s n&rsquo;est possible que d&rsquo;un c\u00f4t\u00e9 de la pi\u00e8ce. Sa t\u00eate frais\u00e9e et son expansion contr\u00f4l\u00e9e garantissent une <strong>installation discr\u00e8te<\/strong>, une <strong>finition professionnelle et une connexion solide.<\/strong><\/p>\n<p>De plus, son rev\u00eatement peint offre une meilleure <strong>protection contre la corrosion et am\u00e9liore l&rsquo;esth\u00e9tique<\/strong>.<\/p>\n<p>Facile \u00e0 installer, efficace et parfait pour am\u00e9liorer la qualit\u00e9 et la vitesse sur les cha\u00eenes de montage.<\/p>\n","protected":false},"excerpt":{"rendered":"<p>100% linen, relaxed fit<\/p>\n","protected":false},"featured_media":99367,"template":"","meta":[],"product_brand":[],"product_cat":[348,354],"product_tag":[],"class_list":{"0":"post-101035","1":"product","2":"type-product","3":"status-publish","4":"has-post-thumbnail","6":"product_cat-rivets","7":"product_cat-standard","8":"pa_color-red-fr","9":"description-off","11":"first","12":"instock","13":"sale","14":"shipping-taxable","15":"purchasable","16":"product-type-variable","17":"has-default-attributes"},"_links":{"self":[{"href":"https:\/\/smartfixsl.com\/fr\/wp-json\/wp\/v2\/product\/101035","targetHints":{"allow":["GET"]}}],"collection":[{"href":"https:\/\/smartfixsl.com\/fr\/wp-json\/wp\/v2\/product"}],"about":[{"href":"https:\/\/smartfixsl.com\/fr\/wp-json\/wp\/v2\/types\/product"}],"version-history":[{"count":4,"href":"https:\/\/smartfixsl.com\/fr\/wp-json\/wp\/v2\/product\/101035\/revisions"}],"predecessor-version":[{"id":101047,"href":"https:\/\/smartfixsl.com\/fr\/wp-json\/wp\/v2\/product\/101035\/revisions\/101047"}],"wp:featuredmedia":[{"embeddable":true,"href":"https:\/\/smartfixsl.com\/fr\/wp-json\/wp\/v2\/media\/99367"}],"wp:attachment":[{"href":"https:\/\/smartfixsl.com\/fr\/wp-json\/wp\/v2\/media?parent=101035"}],"wp:term":[{"taxonomy":"product_brand","embeddable":true,"href":"https:\/\/smartfixsl.com\/fr\/wp-json\/wp\/v2\/product_brand?post=101035"},{"taxonomy":"product_cat","embeddable":true,"href":"https:\/\/smartfixsl.com\/fr\/wp-json\/wp\/v2\/product_cat?post=101035"},{"taxonomy":"product_tag","embeddable":true,"href":"https:\/\/smartfixsl.com\/fr\/wp-json\/wp\/v2\/product_tag?post=101035"}],"curies":[{"name":"wp","href":"https:\/\/api.w.org\/{rel}","templated":true}]}}