{"id":101055,"date":"2024-11-08T13:14:12","date_gmt":"2024-11-08T12:14:12","guid":{"rendered":"https:\/\/smartfixsl.com\/producto\/non%20class\u00e9\/cabeza-extra-grande\/"},"modified":"2025-03-18T21:47:15","modified_gmt":"2025-03-18T20:47:15","slug":"tete-extra-large","status":"publish","type":"product","link":"https:\/\/smartfixsl.com\/fr\/produit\/rivets\/standard\/tete-extra-large\/","title":{"rendered":"T\u00caTE EXTRA LARGE"},"content":{"rendered":"<p>Con\u00e7u pour offrir une fixation <strong>solide et durable<\/strong> dans des applications avec acc\u00e8s d\u2019un seul c\u00f4t\u00e9 de la pi\u00e8ce. Sa t\u00eate large assure une <strong>installation stable<\/strong> et une <strong>finition professionnelle<\/strong>, tandis que son expansion contr\u00f4l\u00e9e garantit une union r\u00e9sistante.<\/p>\n<p>Id\u00e9al pour les applications industrielles n\u00e9cessitant une <strong>fixation robuste et haute r\u00e9sistance<\/strong>.<\/p>\n","protected":false},"excerpt":{"rendered":"<p>100% linen, relaxed fit<\/p>\n","protected":false},"featured_media":99376,"template":"","meta":[],"product_brand":[],"product_cat":[348,354],"product_tag":[],"class_list":{"0":"post-101055","1":"product","2":"type-product","3":"status-publish","4":"has-post-thumbnail","6":"product_cat-rivets","7":"product_cat-standard","8":"pa_color-red-fr","9":"description-off","11":"first","12":"instock","13":"sale","14":"shipping-taxable","15":"purchasable","16":"product-type-variable","17":"has-default-attributes"},"_links":{"self":[{"href":"https:\/\/smartfixsl.com\/fr\/wp-json\/wp\/v2\/product\/101055","targetHints":{"allow":["GET"]}}],"collection":[{"href":"https:\/\/smartfixsl.com\/fr\/wp-json\/wp\/v2\/product"}],"about":[{"href":"https:\/\/smartfixsl.com\/fr\/wp-json\/wp\/v2\/types\/product"}],"version-history":[{"count":2,"href":"https:\/\/smartfixsl.com\/fr\/wp-json\/wp\/v2\/product\/101055\/revisions"}],"predecessor-version":[{"id":101063,"href":"https:\/\/smartfixsl.com\/fr\/wp-json\/wp\/v2\/product\/101055\/revisions\/101063"}],"wp:featuredmedia":[{"embeddable":true,"href":"https:\/\/smartfixsl.com\/fr\/wp-json\/wp\/v2\/media\/99376"}],"wp:attachment":[{"href":"https:\/\/smartfixsl.com\/fr\/wp-json\/wp\/v2\/media?parent=101055"}],"wp:term":[{"taxonomy":"product_brand","embeddable":true,"href":"https:\/\/smartfixsl.com\/fr\/wp-json\/wp\/v2\/product_brand?post=101055"},{"taxonomy":"product_cat","embeddable":true,"href":"https:\/\/smartfixsl.com\/fr\/wp-json\/wp\/v2\/product_cat?post=101055"},{"taxonomy":"product_tag","embeddable":true,"href":"https:\/\/smartfixsl.com\/fr\/wp-json\/wp\/v2\/product_tag?post=101055"}],"curies":[{"name":"wp","href":"https:\/\/api.w.org\/{rel}","templated":true}]}}