{"id":101084,"date":"2024-09-01T15:58:33","date_gmt":"2024-09-01T13:58:33","guid":{"rendered":"https:\/\/smartfixsl.com\/producto\/non%20class\u00e9\/cabeza-alomada\/"},"modified":"2025-03-18T23:52:52","modified_gmt":"2025-03-18T22:52:52","slug":"tete_bombee","status":"publish","type":"product","link":"https:\/\/smartfixsl.com\/fr\/produit\/rivets\/multiserrages\/tete_bombee\/","title":{"rendered":"T\u00caTE BOMB\u00c9E"},"content":{"rendered":"<p>Con\u00e7u pour <strong>s&rsquo;adapter \u00e0 diff\u00e9rentes \u00e9paisseurs<\/strong> de mat\u00e9riaux et offrir une <strong>fixation durable<\/strong> dans des applications avec un acc\u00e8s d\u2019un seul c\u00f4t\u00e9 de la pi\u00e8ce. Sa t\u00eate bomb\u00e9e et son expansion contr\u00f4l\u00e9e garantissent une <strong>finition propre et une union solide.<\/strong><\/p>\n<p>Id\u00e9al pour am\u00e9liorer la qualit\u00e9 et la rapidit\u00e9 sur les lignes d&rsquo;assemblage, avec <strong>polyvalence et fixation robuste<\/strong>.<\/p>\n","protected":false},"excerpt":{"rendered":"<p>100% linen, relaxed fit<\/p>\n","protected":false},"featured_media":99748,"template":"","meta":[],"product_brand":[],"product_cat":[356,348],"product_tag":[],"class_list":{"0":"post-101084","1":"product","2":"type-product","3":"status-publish","4":"has-post-thumbnail","6":"product_cat-multiserrages","7":"product_cat-rivets","8":"pa_color-red-fr","9":"description-off","11":"first","12":"instock","13":"sale","14":"shipping-taxable","15":"purchasable","16":"product-type-variable","17":"has-default-attributes"},"_links":{"self":[{"href":"https:\/\/smartfixsl.com\/fr\/wp-json\/wp\/v2\/product\/101084","targetHints":{"allow":["GET"]}}],"collection":[{"href":"https:\/\/smartfixsl.com\/fr\/wp-json\/wp\/v2\/product"}],"about":[{"href":"https:\/\/smartfixsl.com\/fr\/wp-json\/wp\/v2\/types\/product"}],"version-history":[{"count":3,"href":"https:\/\/smartfixsl.com\/fr\/wp-json\/wp\/v2\/product\/101084\/revisions"}],"predecessor-version":[{"id":101093,"href":"https:\/\/smartfixsl.com\/fr\/wp-json\/wp\/v2\/product\/101084\/revisions\/101093"}],"wp:featuredmedia":[{"embeddable":true,"href":"https:\/\/smartfixsl.com\/fr\/wp-json\/wp\/v2\/media\/99748"}],"wp:attachment":[{"href":"https:\/\/smartfixsl.com\/fr\/wp-json\/wp\/v2\/media?parent=101084"}],"wp:term":[{"taxonomy":"product_brand","embeddable":true,"href":"https:\/\/smartfixsl.com\/fr\/wp-json\/wp\/v2\/product_brand?post=101084"},{"taxonomy":"product_cat","embeddable":true,"href":"https:\/\/smartfixsl.com\/fr\/wp-json\/wp\/v2\/product_cat?post=101084"},{"taxonomy":"product_tag","embeddable":true,"href":"https:\/\/smartfixsl.com\/fr\/wp-json\/wp\/v2\/product_tag?post=101084"}],"curies":[{"name":"wp","href":"https:\/\/api.w.org\/{rel}","templated":true}]}}