{"id":101114,"date":"2024-11-08T13:38:02","date_gmt":"2024-11-08T12:38:02","guid":{"rendered":"https:\/\/smartfixsl.com\/producto\/non%20class\u00e9\/cabeza-extra-grande-2\/"},"modified":"2025-03-19T00:08:01","modified_gmt":"2025-03-18T23:08:01","slug":"tete_extra-large","status":"publish","type":"product","link":"https:\/\/smartfixsl.com\/fr\/produit\/rivets\/multiserrages\/tete_extra-large\/","title":{"rendered":"T\u00caTE EXTRA LARGE"},"content":{"rendered":"<p>Con\u00e7u pour <strong>s&rsquo;adapter \u00e0 diff\u00e9rentes \u00e9paisseurs<\/strong> de mat\u00e9riaux et offrir une <strong>fixation durable<\/strong> dans des applications avec un acc\u00e8s d\u2019un seul c\u00f4t\u00e9 de la pi\u00e8ce. Sa t\u00eate extra large assure une <strong>installation stable<\/strong> et une <strong>finition professionnelle<\/strong>, tandis que son expansion contr\u00f4l\u00e9e garantit une union solide.<\/p>\n<p>Id\u00e9al pour les applications industrielles n\u00e9cessitant <strong>polyvalence et fixation robuste<\/strong>.<\/p>\n","protected":false},"excerpt":{"rendered":"<p>100% linen, relaxed fit<\/p>\n","protected":false},"featured_media":99385,"template":"","meta":[],"product_brand":[],"product_cat":[356,348],"product_tag":[],"class_list":{"0":"post-101114","1":"product","2":"type-product","3":"status-publish","4":"has-post-thumbnail","6":"product_cat-multiserrages","7":"product_cat-rivets","8":"pa_color-red-fr","9":"description-off","11":"first","12":"instock","13":"sale","14":"shipping-taxable","15":"purchasable","16":"product-type-variable","17":"has-default-attributes"},"_links":{"self":[{"href":"https:\/\/smartfixsl.com\/fr\/wp-json\/wp\/v2\/product\/101114","targetHints":{"allow":["GET"]}}],"collection":[{"href":"https:\/\/smartfixsl.com\/fr\/wp-json\/wp\/v2\/product"}],"about":[{"href":"https:\/\/smartfixsl.com\/fr\/wp-json\/wp\/v2\/types\/product"}],"version-history":[{"count":1,"href":"https:\/\/smartfixsl.com\/fr\/wp-json\/wp\/v2\/product\/101114\/revisions"}],"predecessor-version":[{"id":101119,"href":"https:\/\/smartfixsl.com\/fr\/wp-json\/wp\/v2\/product\/101114\/revisions\/101119"}],"wp:featuredmedia":[{"embeddable":true,"href":"https:\/\/smartfixsl.com\/fr\/wp-json\/wp\/v2\/media\/99385"}],"wp:attachment":[{"href":"https:\/\/smartfixsl.com\/fr\/wp-json\/wp\/v2\/media?parent=101114"}],"wp:term":[{"taxonomy":"product_brand","embeddable":true,"href":"https:\/\/smartfixsl.com\/fr\/wp-json\/wp\/v2\/product_brand?post=101114"},{"taxonomy":"product_cat","embeddable":true,"href":"https:\/\/smartfixsl.com\/fr\/wp-json\/wp\/v2\/product_cat?post=101114"},{"taxonomy":"product_tag","embeddable":true,"href":"https:\/\/smartfixsl.com\/fr\/wp-json\/wp\/v2\/product_tag?post=101114"}],"curies":[{"name":"wp","href":"https:\/\/api.w.org\/{rel}","templated":true}]}}