{"id":101126,"date":"2024-11-08T13:34:09","date_gmt":"2024-11-08T12:34:09","guid":{"rendered":"https:\/\/smartfixsl.com\/producto\/non%20class\u00e9\/cabeza-grande-3\/"},"modified":"2025-03-19T00:11:50","modified_gmt":"2025-03-18T23:11:50","slug":"tete_large","status":"publish","type":"product","link":"https:\/\/smartfixsl.com\/fr\/produit\/rivets\/multiserrages\/tete_large\/","title":{"rendered":"T\u00caTE LARGE"},"content":{"rendered":"<p>Con\u00e7u pour offrir une <strong>fixation solide et durable<\/strong> dans des applications avec un acc\u00e8s d\u2019un seul c\u00f4t\u00e9 de la pi\u00e8ce, en <strong>s\u2019adaptant \u00e0 diff\u00e9rentes \u00e9paisseurs<\/strong> de mat\u00e9riaux. Sa t\u00eate large assure une <strong>installation stable<\/strong> et une finition professionnelle, tandis que son expansion contr\u00f4l\u00e9e garantit une <strong>union r\u00e9sistante<\/strong>.<\/p>\n<p>Id\u00e9al pour am\u00e9liorer l&rsquo;efficacit\u00e9 et la qualit\u00e9 sur les lignes d&rsquo;assemblage, avec <strong>polyvalence et fixation robuste<\/strong>.<\/p>\n","protected":false},"excerpt":{"rendered":"<p>100% linen, relaxed fit<\/p>\n","protected":false},"featured_media":99385,"template":"","meta":[],"product_brand":[],"product_cat":[356,348],"product_tag":[],"class_list":{"0":"post-101126","1":"product","2":"type-product","3":"status-publish","4":"has-post-thumbnail","6":"product_cat-multiserrages","7":"product_cat-rivets","8":"pa_color-red-fr","9":"description-off","11":"first","12":"instock","13":"sale","14":"shipping-taxable","15":"purchasable","16":"product-type-variable","17":"has-default-attributes"},"_links":{"self":[{"href":"https:\/\/smartfixsl.com\/fr\/wp-json\/wp\/v2\/product\/101126","targetHints":{"allow":["GET"]}}],"collection":[{"href":"https:\/\/smartfixsl.com\/fr\/wp-json\/wp\/v2\/product"}],"about":[{"href":"https:\/\/smartfixsl.com\/fr\/wp-json\/wp\/v2\/types\/product"}],"version-history":[{"count":2,"href":"https:\/\/smartfixsl.com\/fr\/wp-json\/wp\/v2\/product\/101126\/revisions"}],"predecessor-version":[{"id":101132,"href":"https:\/\/smartfixsl.com\/fr\/wp-json\/wp\/v2\/product\/101126\/revisions\/101132"}],"wp:featuredmedia":[{"embeddable":true,"href":"https:\/\/smartfixsl.com\/fr\/wp-json\/wp\/v2\/media\/99385"}],"wp:attachment":[{"href":"https:\/\/smartfixsl.com\/fr\/wp-json\/wp\/v2\/media?parent=101126"}],"wp:term":[{"taxonomy":"product_brand","embeddable":true,"href":"https:\/\/smartfixsl.com\/fr\/wp-json\/wp\/v2\/product_brand?post=101126"},{"taxonomy":"product_cat","embeddable":true,"href":"https:\/\/smartfixsl.com\/fr\/wp-json\/wp\/v2\/product_cat?post=101126"},{"taxonomy":"product_tag","embeddable":true,"href":"https:\/\/smartfixsl.com\/fr\/wp-json\/wp\/v2\/product_tag?post=101126"}],"curies":[{"name":"wp","href":"https:\/\/api.w.org\/{rel}","templated":true}]}}