{"id":101140,"date":"2024-09-01T15:58:58","date_gmt":"2024-09-01T13:58:58","guid":{"rendered":"https:\/\/smartfixsl.com\/producto\/non%20class\u00e9\/cabeza_alomada_\/"},"modified":"2025-03-19T00:18:17","modified_gmt":"2025-03-18T23:18:17","slug":"tete_bombee_","status":"publish","type":"product","link":"https:\/\/smartfixsl.com\/fr\/produit\/rivets\/eclates\/tete_bombee_\/","title":{"rendered":"T\u00caTE BOMB\u00c9E"},"content":{"rendered":"<p>Son design en forme de fleur offre une <strong>meilleure prise<\/strong> sur les mat\u00e9riaux tendres ou fragiles, assurant une <strong>fixation forte et durable<\/strong> avec un acc\u00e8s d\u2019un seul c\u00f4t\u00e9 de la pi\u00e8ce. Sa t\u00eate bomb\u00e9e et son expansion contr\u00f4l\u00e9e garantissent une <strong>finition propre<\/strong> et une union solide.<\/p>\n<p>Id\u00e9al pour les applications industrielles n\u00e9cessitant une <strong>fixation s\u00fbre sur des mat\u00e9riaux d\u00e9licats<\/strong> et une installation efficace.<\/p>\n","protected":false},"excerpt":{"rendered":"<p>100% linen, relaxed fit<\/p>\n","protected":false},"featured_media":99400,"template":"","meta":[],"product_brand":[],"product_cat":[358,348],"product_tag":[],"class_list":{"0":"post-101140","1":"product","2":"type-product","3":"status-publish","4":"has-post-thumbnail","6":"product_cat-eclates","7":"product_cat-rivets","8":"pa_color-red-fr","9":"description-off","11":"first","12":"instock","13":"sale","14":"shipping-taxable","15":"purchasable","16":"product-type-variable","17":"has-default-attributes"},"_links":{"self":[{"href":"https:\/\/smartfixsl.com\/fr\/wp-json\/wp\/v2\/product\/101140","targetHints":{"allow":["GET"]}}],"collection":[{"href":"https:\/\/smartfixsl.com\/fr\/wp-json\/wp\/v2\/product"}],"about":[{"href":"https:\/\/smartfixsl.com\/fr\/wp-json\/wp\/v2\/types\/product"}],"version-history":[{"count":2,"href":"https:\/\/smartfixsl.com\/fr\/wp-json\/wp\/v2\/product\/101140\/revisions"}],"predecessor-version":[{"id":101146,"href":"https:\/\/smartfixsl.com\/fr\/wp-json\/wp\/v2\/product\/101140\/revisions\/101146"}],"wp:featuredmedia":[{"embeddable":true,"href":"https:\/\/smartfixsl.com\/fr\/wp-json\/wp\/v2\/media\/99400"}],"wp:attachment":[{"href":"https:\/\/smartfixsl.com\/fr\/wp-json\/wp\/v2\/media?parent=101140"}],"wp:term":[{"taxonomy":"product_brand","embeddable":true,"href":"https:\/\/smartfixsl.com\/fr\/wp-json\/wp\/v2\/product_brand?post=101140"},{"taxonomy":"product_cat","embeddable":true,"href":"https:\/\/smartfixsl.com\/fr\/wp-json\/wp\/v2\/product_cat?post=101140"},{"taxonomy":"product_tag","embeddable":true,"href":"https:\/\/smartfixsl.com\/fr\/wp-json\/wp\/v2\/product_tag?post=101140"}],"curies":[{"name":"wp","href":"https:\/\/api.w.org\/{rel}","templated":true}]}}