{"id":101165,"date":"2024-11-08T13:50:19","date_gmt":"2024-11-08T12:50:19","guid":{"rendered":"https:\/\/smartfixsl.com\/producto\/non%20class\u00e9\/cabeza_grande_\/"},"modified":"2025-03-19T00:25:50","modified_gmt":"2025-03-18T23:25:50","slug":"tete_large_","status":"publish","type":"product","link":"https:\/\/smartfixsl.com\/fr\/produit\/rivets\/eclates\/tete_large_\/","title":{"rendered":"T\u00caTE LARGE"},"content":{"rendered":"<div class=\"flex max-w-full flex-col flex-grow\">\n<div class=\"min-h-8 text-message flex w-full flex-col items-end gap-2 whitespace-normal break-words [.text-message+&amp;]:mt-5\" dir=\"auto\" data-message-author-role=\"assistant\" data-message-id=\"55c5c543-7daa-4c69-9723-753e4cd55b74\" data-message-model-slug=\"gpt-4o-mini\">\n<div class=\"flex w-full flex-col gap-1 empty:hidden first:pt-[3px]\">\n<div class=\"markdown prose w-full break-words dark:prose-invert light\">\n<p>Son design en forme de fleur <strong>am\u00e9liore la prise<\/strong> sur les mat\u00e9riaux tendres, garantissant <strong>une fixation solide et durable<\/strong> avec un acc\u00e8s d\u2019un seul c\u00f4t\u00e9 de la pi\u00e8ce. Sa grande t\u00eate assure une <strong>installation robuste<\/strong> et une finition professionnelle, tandis que son expansion contr\u00f4l\u00e9e garantit une liaison r\u00e9sistante.<\/p>\n<p>Id\u00e9al pour les applications industrielles n\u00e9cessitant une <strong>fixation s\u00fbre sur des mat\u00e9riaux d\u00e9licats<\/strong> et une installation efficace.<\/p>\n<\/div>\n<\/div>\n<\/div>\n<\/div>\n","protected":false},"excerpt":{"rendered":"<p>100% linen, relaxed fit<\/p>\n","protected":false},"featured_media":99394,"template":"","meta":[],"product_brand":[],"product_cat":[358,348],"product_tag":[],"class_list":{"0":"post-101165","1":"product","2":"type-product","3":"status-publish","4":"has-post-thumbnail","6":"product_cat-eclates","7":"product_cat-rivets","8":"pa_color-red-fr","9":"description-off","11":"first","12":"instock","13":"sale","14":"shipping-taxable","15":"purchasable","16":"product-type-variable","17":"has-default-attributes"},"_links":{"self":[{"href":"https:\/\/smartfixsl.com\/fr\/wp-json\/wp\/v2\/product\/101165","targetHints":{"allow":["GET"]}}],"collection":[{"href":"https:\/\/smartfixsl.com\/fr\/wp-json\/wp\/v2\/product"}],"about":[{"href":"https:\/\/smartfixsl.com\/fr\/wp-json\/wp\/v2\/types\/product"}],"version-history":[{"count":1,"href":"https:\/\/smartfixsl.com\/fr\/wp-json\/wp\/v2\/product\/101165\/revisions"}],"predecessor-version":[{"id":101170,"href":"https:\/\/smartfixsl.com\/fr\/wp-json\/wp\/v2\/product\/101165\/revisions\/101170"}],"wp:featuredmedia":[{"embeddable":true,"href":"https:\/\/smartfixsl.com\/fr\/wp-json\/wp\/v2\/media\/99394"}],"wp:attachment":[{"href":"https:\/\/smartfixsl.com\/fr\/wp-json\/wp\/v2\/media?parent=101165"}],"wp:term":[{"taxonomy":"product_brand","embeddable":true,"href":"https:\/\/smartfixsl.com\/fr\/wp-json\/wp\/v2\/product_brand?post=101165"},{"taxonomy":"product_cat","embeddable":true,"href":"https:\/\/smartfixsl.com\/fr\/wp-json\/wp\/v2\/product_cat?post=101165"},{"taxonomy":"product_tag","embeddable":true,"href":"https:\/\/smartfixsl.com\/fr\/wp-json\/wp\/v2\/product_tag?post=101165"}],"curies":[{"name":"wp","href":"https:\/\/api.w.org\/{rel}","templated":true}]}}