{"id":101188,"date":"2024-09-01T15:59:57","date_gmt":"2024-09-01T13:59:57","guid":{"rendered":"https:\/\/smartfixsl.com\/producto\/non%20class\u00e9\/cabeza_alomada-2\/"},"modified":"2025-03-19T00:42:13","modified_gmt":"2025-03-18T23:42:13","slug":"tete_bombee-2","status":"publish","type":"product","link":"https:\/\/smartfixsl.com\/fr\/produit\/rivets\/etanches\/tete_bombee-2\/","title":{"rendered":"T\u00caTE BOMB\u00c9E"},"content":{"rendered":"<div class=\"flex-shrink-0 flex flex-col relative items-end\">\n<div class=\"pt-0\">\n<div class=\"gizmo-bot-avatar flex h-8 w-8 items-center justify-center overflow-hidden rounded-full\">\n<div class=\"relative p-1 rounded-sm flex items-center justify-center bg-token-main-surface-primary text-token-text-primary h-8 w-8\">\n<p>Son design \u00e9tanch\u00e9 assure un <strong>scellement herm\u00e9tique, emp\u00eachant les fuites<\/strong> de liquides et de gaz, tout en offrant une <strong>fixation durable<\/strong> avec un acc\u00e8s d\u2019un seul c\u00f4t\u00e9 de la pi\u00e8ce. Sa t\u00eate bomb\u00e9e et son expansion contr\u00f4l\u00e9e garantissent une finition propre et une <strong>liaison r\u00e9sistante<\/strong>.<\/p>\n<p>Id\u00e9al pour les applications industrielles n\u00e9cessitant une fixation robuste et une <strong>protection contre l&rsquo;humidit\u00e9 et la poussi\u00e8re.<\/strong><\/p>\n<\/div>\n<\/div>\n<\/div>\n<\/div>\n","protected":false},"excerpt":{"rendered":"<p>100% linen, relaxed fit<\/p>\n","protected":false},"featured_media":99403,"template":"","meta":[],"product_brand":[],"product_cat":[366,348],"product_tag":[],"class_list":{"0":"post-101188","1":"product","2":"type-product","3":"status-publish","4":"has-post-thumbnail","6":"product_cat-etanches","7":"product_cat-rivets","8":"pa_color-red-fr","9":"description-off","11":"first","12":"outofstock","13":"shipping-taxable","14":"purchasable","15":"product-type-variable","16":"has-default-attributes"},"_links":{"self":[{"href":"https:\/\/smartfixsl.com\/fr\/wp-json\/wp\/v2\/product\/101188","targetHints":{"allow":["GET"]}}],"collection":[{"href":"https:\/\/smartfixsl.com\/fr\/wp-json\/wp\/v2\/product"}],"about":[{"href":"https:\/\/smartfixsl.com\/fr\/wp-json\/wp\/v2\/types\/product"}],"version-history":[{"count":2,"href":"https:\/\/smartfixsl.com\/fr\/wp-json\/wp\/v2\/product\/101188\/revisions"}],"predecessor-version":[{"id":101190,"href":"https:\/\/smartfixsl.com\/fr\/wp-json\/wp\/v2\/product\/101188\/revisions\/101190"}],"wp:featuredmedia":[{"embeddable":true,"href":"https:\/\/smartfixsl.com\/fr\/wp-json\/wp\/v2\/media\/99403"}],"wp:attachment":[{"href":"https:\/\/smartfixsl.com\/fr\/wp-json\/wp\/v2\/media?parent=101188"}],"wp:term":[{"taxonomy":"product_brand","embeddable":true,"href":"https:\/\/smartfixsl.com\/fr\/wp-json\/wp\/v2\/product_brand?post=101188"},{"taxonomy":"product_cat","embeddable":true,"href":"https:\/\/smartfixsl.com\/fr\/wp-json\/wp\/v2\/product_cat?post=101188"},{"taxonomy":"product_tag","embeddable":true,"href":"https:\/\/smartfixsl.com\/fr\/wp-json\/wp\/v2\/product_tag?post=101188"}],"curies":[{"name":"wp","href":"https:\/\/api.w.org\/{rel}","templated":true}]}}