{"id":101197,"date":"2024-11-08T14:22:18","date_gmt":"2024-11-08T13:22:18","guid":{"rendered":"https:\/\/smartfixsl.com\/producto\/non%20class\u00e9\/cabeza-avellanda-2\/"},"modified":"2025-03-19T00:49:03","modified_gmt":"2025-03-18T23:49:03","slug":"tete-fraisee-2","status":"publish","type":"product","link":"https:\/\/smartfixsl.com\/fr\/produit\/rivets\/etanches\/tete-fraisee-2\/","title":{"rendered":"T\u00caTE FRAIS\u00c9E"},"content":{"rendered":"<div class=\"flex-shrink-0 flex flex-col relative items-end\">\n<div class=\"pt-0\">\n<div class=\"gizmo-bot-avatar flex h-8 w-8 items-center justify-center overflow-hidden rounded-full\">\n<div class=\"relative p-1 rounded-sm flex items-center justify-center bg-token-main-surface-primary text-token-text-primary h-8 w-8\">\n<p>Son design \u00e9tanch\u00e9 assure un <strong>scellment herm\u00e9tique, emp\u00eachant les fuites<\/strong> de liquides et de gaz, avec un acc\u00e8s d\u2019un seul c\u00f4t\u00e9 de la pi\u00e8ce. Sa t\u00eate frais\u00e9e permet une <strong>installation discr\u00e8te<\/strong> et une finition professionnelle, garantissant une <strong>liaison r\u00e9sistante<\/strong>.<br \/>\nId\u00e9al pour les applications industrielles n\u00e9cessitant une fixation robuste et une <strong>protection contre l&rsquo;humidit\u00e9 et la poussi\u00e8re.<\/strong><\/p>\n<\/div>\n<\/div>\n<\/div>\n<\/div>\n","protected":false},"excerpt":{"rendered":"<p>100% linen, relaxed fit<\/p>\n","protected":false},"featured_media":99409,"template":"","meta":[],"product_brand":[],"product_cat":[366,348],"product_tag":[],"class_list":{"0":"post-101197","1":"product","2":"type-product","3":"status-publish","4":"has-post-thumbnail","6":"product_cat-etanches","7":"product_cat-rivets","8":"pa_color-red-fr","9":"description-off","11":"first","12":"outofstock","13":"shipping-taxable","14":"product-type-variable","15":"has-default-attributes"},"_links":{"self":[{"href":"https:\/\/smartfixsl.com\/fr\/wp-json\/wp\/v2\/product\/101197","targetHints":{"allow":["GET"]}}],"collection":[{"href":"https:\/\/smartfixsl.com\/fr\/wp-json\/wp\/v2\/product"}],"about":[{"href":"https:\/\/smartfixsl.com\/fr\/wp-json\/wp\/v2\/types\/product"}],"version-history":[{"count":1,"href":"https:\/\/smartfixsl.com\/fr\/wp-json\/wp\/v2\/product\/101197\/revisions"}],"predecessor-version":[{"id":101198,"href":"https:\/\/smartfixsl.com\/fr\/wp-json\/wp\/v2\/product\/101197\/revisions\/101198"}],"wp:featuredmedia":[{"embeddable":true,"href":"https:\/\/smartfixsl.com\/fr\/wp-json\/wp\/v2\/media\/99409"}],"wp:attachment":[{"href":"https:\/\/smartfixsl.com\/fr\/wp-json\/wp\/v2\/media?parent=101197"}],"wp:term":[{"taxonomy":"product_brand","embeddable":true,"href":"https:\/\/smartfixsl.com\/fr\/wp-json\/wp\/v2\/product_brand?post=101197"},{"taxonomy":"product_cat","embeddable":true,"href":"https:\/\/smartfixsl.com\/fr\/wp-json\/wp\/v2\/product_cat?post=101197"},{"taxonomy":"product_tag","embeddable":true,"href":"https:\/\/smartfixsl.com\/fr\/wp-json\/wp\/v2\/product_tag?post=101197"}],"curies":[{"name":"wp","href":"https:\/\/api.w.org\/{rel}","templated":true}]}}