{"id":101205,"date":"2024-11-08T14:26:26","date_gmt":"2024-11-08T13:26:26","guid":{"rendered":"https:\/\/smartfixsl.com\/producto\/non%20class\u00e9\/cabeza-grande-5\/"},"modified":"2025-03-19T00:54:38","modified_gmt":"2025-03-18T23:54:38","slug":"tete-grand","status":"publish","type":"product","link":"https:\/\/smartfixsl.com\/fr\/produit\/rivets\/etanches\/tete-grand\/","title":{"rendered":"T\u00caTE GRAND"},"content":{"rendered":"<p>Son design \u00e9tanch\u00e9 assure un <strong>scellement herm\u00e9tique, emp\u00eachant les fuites<\/strong> de liquides et de gaz, avec un acc\u00e8s d\u2019un seul c\u00f4t\u00e9 de la pi\u00e8ce. Sa grande t\u00eate assure une <strong>installation solide<\/strong> et une finition professionnelle, tandis que son expansion contr\u00f4l\u00e9e offre une <strong>liaison r\u00e9sistante<\/strong>.<\/p>\n<p>Id\u00e9al pour les applications industrielles n\u00e9cessitant une fixation robuste et une <strong>protection contre l&rsquo;humidit\u00e9 et la poussi\u00e8re.<\/strong><\/p>\n","protected":false},"excerpt":{"rendered":"<p>100% linen, relaxed fit<\/p>\n","protected":false},"featured_media":99412,"template":"","meta":[],"product_brand":[],"product_cat":[366,348],"product_tag":[],"class_list":{"0":"post-101205","1":"product","2":"type-product","3":"status-publish","4":"has-post-thumbnail","6":"product_cat-etanches","7":"product_cat-rivets","8":"pa_color-red-fr","9":"description-off","11":"first","12":"outofstock","13":"shipping-taxable","14":"product-type-variable","15":"has-default-attributes"},"_links":{"self":[{"href":"https:\/\/smartfixsl.com\/fr\/wp-json\/wp\/v2\/product\/101205","targetHints":{"allow":["GET"]}}],"collection":[{"href":"https:\/\/smartfixsl.com\/fr\/wp-json\/wp\/v2\/product"}],"about":[{"href":"https:\/\/smartfixsl.com\/fr\/wp-json\/wp\/v2\/types\/product"}],"version-history":[{"count":1,"href":"https:\/\/smartfixsl.com\/fr\/wp-json\/wp\/v2\/product\/101205\/revisions"}],"predecessor-version":[{"id":101206,"href":"https:\/\/smartfixsl.com\/fr\/wp-json\/wp\/v2\/product\/101205\/revisions\/101206"}],"wp:featuredmedia":[{"embeddable":true,"href":"https:\/\/smartfixsl.com\/fr\/wp-json\/wp\/v2\/media\/99412"}],"wp:attachment":[{"href":"https:\/\/smartfixsl.com\/fr\/wp-json\/wp\/v2\/media?parent=101205"}],"wp:term":[{"taxonomy":"product_brand","embeddable":true,"href":"https:\/\/smartfixsl.com\/fr\/wp-json\/wp\/v2\/product_brand?post=101205"},{"taxonomy":"product_cat","embeddable":true,"href":"https:\/\/smartfixsl.com\/fr\/wp-json\/wp\/v2\/product_cat?post=101205"},{"taxonomy":"product_tag","embeddable":true,"href":"https:\/\/smartfixsl.com\/fr\/wp-json\/wp\/v2\/product_tag?post=101205"}],"curies":[{"name":"wp","href":"https:\/\/api.w.org\/{rel}","templated":true}]}}