{"id":101211,"date":"2024-09-01T16:01:13","date_gmt":"2024-09-01T14:01:13","guid":{"rendered":"https:\/\/smartfixsl.com\/producto\/non%20class\u00e9\/cabeza-alomada-4\/"},"modified":"2025-03-19T00:58:43","modified_gmt":"2025-03-18T23:58:43","slug":"tete-bombee-2","status":"publish","type":"product","link":"https:\/\/smartfixsl.com\/fr\/produit\/rivets\/trebulb-plus\/tete-bombee-2\/","title":{"rendered":"T\u00caTE BOMB\u00c9E"},"content":{"rendered":"<p>Son design Trebulb Plus offre <strong>une expansion en trois points<\/strong>, assurant une <strong>prise exceptionnelle<\/strong> et une distribution uniforme de la charge sur les mat\u00e9riaux tendres. Son expansion contr\u00f4l\u00e9e garantit une <strong>liaison r\u00e9sistante et fiable<\/strong>, minimisant le risque de dommages.<\/p>\n<p>Id\u00e9al pour les applications industrielles n\u00e9cessitant une fixation s\u00e9curis\u00e9e et des <strong>performances \u00e9lev\u00e9es<\/strong> sur des mat\u00e9riaux d\u00e9licats.<\/p>\n","protected":false},"excerpt":{"rendered":"<p>100% linen, relaxed fit<\/p>\n","protected":false},"featured_media":99415,"template":"","meta":[],"product_brand":[],"product_cat":[348,368],"product_tag":[],"class_list":{"0":"post-101211","1":"product","2":"type-product","3":"status-publish","4":"has-post-thumbnail","6":"product_cat-rivets","7":"product_cat-trebulb-plus","8":"pa_color-red-fr","9":"description-off","11":"first","12":"outofstock","13":"shipping-taxable","14":"product-type-variable","15":"has-default-attributes"},"_links":{"self":[{"href":"https:\/\/smartfixsl.com\/fr\/wp-json\/wp\/v2\/product\/101211","targetHints":{"allow":["GET"]}}],"collection":[{"href":"https:\/\/smartfixsl.com\/fr\/wp-json\/wp\/v2\/product"}],"about":[{"href":"https:\/\/smartfixsl.com\/fr\/wp-json\/wp\/v2\/types\/product"}],"version-history":[{"count":1,"href":"https:\/\/smartfixsl.com\/fr\/wp-json\/wp\/v2\/product\/101211\/revisions"}],"predecessor-version":[{"id":101212,"href":"https:\/\/smartfixsl.com\/fr\/wp-json\/wp\/v2\/product\/101211\/revisions\/101212"}],"wp:featuredmedia":[{"embeddable":true,"href":"https:\/\/smartfixsl.com\/fr\/wp-json\/wp\/v2\/media\/99415"}],"wp:attachment":[{"href":"https:\/\/smartfixsl.com\/fr\/wp-json\/wp\/v2\/media?parent=101211"}],"wp:term":[{"taxonomy":"product_brand","embeddable":true,"href":"https:\/\/smartfixsl.com\/fr\/wp-json\/wp\/v2\/product_brand?post=101211"},{"taxonomy":"product_cat","embeddable":true,"href":"https:\/\/smartfixsl.com\/fr\/wp-json\/wp\/v2\/product_cat?post=101211"},{"taxonomy":"product_tag","embeddable":true,"href":"https:\/\/smartfixsl.com\/fr\/wp-json\/wp\/v2\/product_tag?post=101211"}],"curies":[{"name":"wp","href":"https:\/\/api.w.org\/{rel}","templated":true}]}}