{"id":101217,"date":"2024-09-01T16:01:44","date_gmt":"2024-09-01T14:01:44","guid":{"rendered":"https:\/\/smartfixsl.com\/producto\/non%20class\u00e9\/cabeza-alomada-5\/"},"modified":"2025-03-19T01:03:26","modified_gmt":"2025-03-19T00:03:26","slug":"tete-bombee-3","status":"publish","type":"product","link":"https:\/\/smartfixsl.com\/fr\/produit\/rivets\/smartbulb\/tete-bombee-3\/","title":{"rendered":"T\u00caTE BOMB\u00c9E"},"content":{"rendered":"<p>La rivette Smartbulb, avec sa contre-t\u00eate en forme de bulbe et la r\u00e9tention du tige, offre une <strong>grande r\u00e9sistance et fiabilit\u00e9<\/strong> pour les fixations dans des trous irr\u00e9guliers. Son design assure <strong>un excellent remplissage et une performance structurelle optimale.<\/strong><\/p>\n<p>Id\u00e9ale pour les applications industrielles n\u00e9cessitant une <strong>fixation robuste et de haute performance.<\/strong><\/p>\n","protected":false},"excerpt":{"rendered":"<p>100% linen, relaxed fit<\/p>\n","protected":false},"featured_media":99418,"template":"","meta":[],"product_brand":[],"product_cat":[348,371],"product_tag":[],"class_list":{"0":"post-101217","1":"product","2":"type-product","3":"status-publish","4":"has-post-thumbnail","6":"product_cat-rivets","7":"product_cat-smartbulb","8":"pa_color-red-fr","9":"description-off","11":"first","12":"outofstock","13":"shipping-taxable","14":"product-type-variable","15":"has-default-attributes"},"_links":{"self":[{"href":"https:\/\/smartfixsl.com\/fr\/wp-json\/wp\/v2\/product\/101217","targetHints":{"allow":["GET"]}}],"collection":[{"href":"https:\/\/smartfixsl.com\/fr\/wp-json\/wp\/v2\/product"}],"about":[{"href":"https:\/\/smartfixsl.com\/fr\/wp-json\/wp\/v2\/types\/product"}],"version-history":[{"count":2,"href":"https:\/\/smartfixsl.com\/fr\/wp-json\/wp\/v2\/product\/101217\/revisions"}],"predecessor-version":[{"id":101219,"href":"https:\/\/smartfixsl.com\/fr\/wp-json\/wp\/v2\/product\/101217\/revisions\/101219"}],"wp:featuredmedia":[{"embeddable":true,"href":"https:\/\/smartfixsl.com\/fr\/wp-json\/wp\/v2\/media\/99418"}],"wp:attachment":[{"href":"https:\/\/smartfixsl.com\/fr\/wp-json\/wp\/v2\/media?parent=101217"}],"wp:term":[{"taxonomy":"product_brand","embeddable":true,"href":"https:\/\/smartfixsl.com\/fr\/wp-json\/wp\/v2\/product_brand?post=101217"},{"taxonomy":"product_cat","embeddable":true,"href":"https:\/\/smartfixsl.com\/fr\/wp-json\/wp\/v2\/product_cat?post=101217"},{"taxonomy":"product_tag","embeddable":true,"href":"https:\/\/smartfixsl.com\/fr\/wp-json\/wp\/v2\/product_tag?post=101217"}],"curies":[{"name":"wp","href":"https:\/\/api.w.org\/{rel}","templated":true}]}}