{"id":101223,"date":"2024-09-01T16:02:21","date_gmt":"2024-09-01T14:02:21","guid":{"rendered":"https:\/\/smartfixsl.com\/producto\/non%20class\u00e9\/cabeza-grande-smartinox\/"},"modified":"2025-03-19T01:07:13","modified_gmt":"2025-03-19T00:07:13","slug":"tete_bombee-3","status":"publish","type":"product","link":"https:\/\/smartfixsl.com\/fr\/produit\/rivets\/smartinox\/tete_bombee-3\/","title":{"rendered":"T\u00caTE BOMB\u00c9E"},"content":{"rendered":"<p>Faisant partie de la gamme structurelle, elle offre une <strong>grande r\u00e9sistance<\/strong> et une excellente capacit\u00e9 de fixation. Son design avec une contre-t\u00eate en forme de bulbe et la r\u00e9tention du tige garantit un <strong>ajustement fiable<\/strong> dans les trous irr\u00e9guliers.<\/p>\n<p>Id\u00e9ale pour les applications industrielles exigeantes, <strong>r\u00e9sistante \u00e0 la corrosion et aux temp\u00e9ratures \u00e9lev\u00e9es<\/strong>, facile \u00e0 installer et efficace.<\/p>\n","protected":false},"excerpt":{"rendered":"<p>100% linen, relaxed fit<\/p>\n","protected":false},"featured_media":99421,"template":"","meta":[],"product_brand":[],"product_cat":[348,373],"product_tag":[],"class_list":{"0":"post-101223","1":"product","2":"type-product","3":"status-publish","4":"has-post-thumbnail","6":"product_cat-rivets","7":"product_cat-smartinox","8":"pa_color-red-fr","9":"description-off","11":"first","12":"outofstock","13":"shipping-taxable","14":"product-type-variable","15":"has-default-attributes"},"_links":{"self":[{"href":"https:\/\/smartfixsl.com\/fr\/wp-json\/wp\/v2\/product\/101223","targetHints":{"allow":["GET"]}}],"collection":[{"href":"https:\/\/smartfixsl.com\/fr\/wp-json\/wp\/v2\/product"}],"about":[{"href":"https:\/\/smartfixsl.com\/fr\/wp-json\/wp\/v2\/types\/product"}],"version-history":[{"count":1,"href":"https:\/\/smartfixsl.com\/fr\/wp-json\/wp\/v2\/product\/101223\/revisions"}],"predecessor-version":[{"id":101224,"href":"https:\/\/smartfixsl.com\/fr\/wp-json\/wp\/v2\/product\/101223\/revisions\/101224"}],"wp:featuredmedia":[{"embeddable":true,"href":"https:\/\/smartfixsl.com\/fr\/wp-json\/wp\/v2\/media\/99421"}],"wp:attachment":[{"href":"https:\/\/smartfixsl.com\/fr\/wp-json\/wp\/v2\/media?parent=101223"}],"wp:term":[{"taxonomy":"product_brand","embeddable":true,"href":"https:\/\/smartfixsl.com\/fr\/wp-json\/wp\/v2\/product_brand?post=101223"},{"taxonomy":"product_cat","embeddable":true,"href":"https:\/\/smartfixsl.com\/fr\/wp-json\/wp\/v2\/product_cat?post=101223"},{"taxonomy":"product_tag","embeddable":true,"href":"https:\/\/smartfixsl.com\/fr\/wp-json\/wp\/v2\/product_tag?post=101223"}],"curies":[{"name":"wp","href":"https:\/\/api.w.org\/{rel}","templated":true}]}}