{"id":101228,"date":"2024-09-01T16:02:49","date_gmt":"2024-09-01T14:02:49","guid":{"rendered":"https:\/\/smartfixsl.com\/producto\/non%20class\u00e9\/cabeza-alomada-6\/"},"modified":"2025-03-19T01:11:25","modified_gmt":"2025-03-19T00:11:25","slug":"tete_bombee-4","status":"publish","type":"product","link":"https:\/\/smartfixsl.com\/fr\/produit\/rivets\/smartlock\/tete_bombee-4\/","title":{"rendered":"T\u00caTE BOMB\u00c9E"},"content":{"rendered":"<p>Faisant partie de la gamme <strong>haute r\u00e9sistance<\/strong>, elle offre une excellente r\u00e9sistance \u00e0 la traction et \u00e0 la coupe, avec une t\u00eate bomb\u00e9e pour une finition propre. Sa <strong>fonction multigrip<\/strong> et sa capacit\u00e9 de remplissage parfaite la rendent id\u00e9ale pour les fixations dans les espaces vides, \u00e9vitant les mouvements dans la t\u00f4le. Elle optimise les processus d&rsquo;assemblage, garantissant une <strong>fixation durable dans des environnements exigeants<\/strong>.<\/p>\n","protected":false},"excerpt":{"rendered":"<p>100% linen, relaxed fit<\/p>\n","protected":false},"featured_media":99424,"template":"","meta":[],"product_brand":[],"product_cat":[348,363],"product_tag":[],"class_list":{"0":"post-101228","1":"product","2":"type-product","3":"status-publish","4":"has-post-thumbnail","6":"product_cat-rivets","7":"product_cat-smartlock","8":"pa_color-red-fr","9":"description-off","11":"first","12":"outofstock","13":"shipping-taxable","14":"product-type-variable","15":"has-default-attributes"},"_links":{"self":[{"href":"https:\/\/smartfixsl.com\/fr\/wp-json\/wp\/v2\/product\/101228","targetHints":{"allow":["GET"]}}],"collection":[{"href":"https:\/\/smartfixsl.com\/fr\/wp-json\/wp\/v2\/product"}],"about":[{"href":"https:\/\/smartfixsl.com\/fr\/wp-json\/wp\/v2\/types\/product"}],"version-history":[{"count":2,"href":"https:\/\/smartfixsl.com\/fr\/wp-json\/wp\/v2\/product\/101228\/revisions"}],"predecessor-version":[{"id":101230,"href":"https:\/\/smartfixsl.com\/fr\/wp-json\/wp\/v2\/product\/101228\/revisions\/101230"}],"wp:featuredmedia":[{"embeddable":true,"href":"https:\/\/smartfixsl.com\/fr\/wp-json\/wp\/v2\/media\/99424"}],"wp:attachment":[{"href":"https:\/\/smartfixsl.com\/fr\/wp-json\/wp\/v2\/media?parent=101228"}],"wp:term":[{"taxonomy":"product_brand","embeddable":true,"href":"https:\/\/smartfixsl.com\/fr\/wp-json\/wp\/v2\/product_brand?post=101228"},{"taxonomy":"product_cat","embeddable":true,"href":"https:\/\/smartfixsl.com\/fr\/wp-json\/wp\/v2\/product_cat?post=101228"},{"taxonomy":"product_tag","embeddable":true,"href":"https:\/\/smartfixsl.com\/fr\/wp-json\/wp\/v2\/product_tag?post=101228"}],"curies":[{"name":"wp","href":"https:\/\/api.w.org\/{rel}","templated":true}]}}