{"id":101241,"date":"2025-03-19T01:31:03","date_gmt":"2025-03-19T00:31:03","guid":{"rendered":"https:\/\/smartfixsl.com\/producto\/non%20class\u00e9\/cabeza-avellanada-2\/"},"modified":"2025-03-19T01:45:44","modified_gmt":"2025-03-19T00:45:44","slug":"tete-freisee","status":"publish","type":"product","link":"https:\/\/smartfixsl.com\/fr\/produit\/rivets\/smartlock\/tete-freisee\/","title":{"rendered":"T\u00caTE FREIS\u00c9E"},"content":{"rendered":"<p>Faisant partie de la gamme <strong>haute r\u00e9sistance<\/strong>, elle offre une grande r\u00e9sistance \u00e0 la traction et \u00e0 la coupe, avec une t\u00eate frais\u00e9e pour une finition discr\u00e8te. Sa <strong>fonction multigrip<\/strong> et sa capacit\u00e9 de remplissage parfaite la rendent id\u00e9ale pour les fixations dans les espaces vides, \u00e9vitant les mouvements dans la t\u00f4le. Elle r\u00e9duit la consommation de rivets, optimisant les processus d&rsquo;assemblage et garantissant une <strong>fixation durable<\/strong>.<\/p>\n","protected":false},"excerpt":{"rendered":"<p>100% linen, relaxed fit<\/p>\n","protected":false},"featured_media":99430,"template":"","meta":[],"product_brand":[],"product_cat":[348,363],"product_tag":[],"class_list":{"0":"post-101241","1":"product","2":"type-product","3":"status-publish","4":"has-post-thumbnail","6":"product_cat-rivets","7":"product_cat-smartlock","8":"pa_color-red-fr","9":"description-off","11":"first","12":"outofstock","13":"shipping-taxable","14":"product-type-variable","15":"has-default-attributes"},"_links":{"self":[{"href":"https:\/\/smartfixsl.com\/fr\/wp-json\/wp\/v2\/product\/101241","targetHints":{"allow":["GET"]}}],"collection":[{"href":"https:\/\/smartfixsl.com\/fr\/wp-json\/wp\/v2\/product"}],"about":[{"href":"https:\/\/smartfixsl.com\/fr\/wp-json\/wp\/v2\/types\/product"}],"version-history":[{"count":2,"href":"https:\/\/smartfixsl.com\/fr\/wp-json\/wp\/v2\/product\/101241\/revisions"}],"predecessor-version":[{"id":101245,"href":"https:\/\/smartfixsl.com\/fr\/wp-json\/wp\/v2\/product\/101241\/revisions\/101245"}],"wp:featuredmedia":[{"embeddable":true,"href":"https:\/\/smartfixsl.com\/fr\/wp-json\/wp\/v2\/media\/99430"}],"wp:attachment":[{"href":"https:\/\/smartfixsl.com\/fr\/wp-json\/wp\/v2\/media?parent=101241"}],"wp:term":[{"taxonomy":"product_brand","embeddable":true,"href":"https:\/\/smartfixsl.com\/fr\/wp-json\/wp\/v2\/product_brand?post=101241"},{"taxonomy":"product_cat","embeddable":true,"href":"https:\/\/smartfixsl.com\/fr\/wp-json\/wp\/v2\/product_cat?post=101241"},{"taxonomy":"product_tag","embeddable":true,"href":"https:\/\/smartfixsl.com\/fr\/wp-json\/wp\/v2\/product_tag?post=101241"}],"curies":[{"name":"wp","href":"https:\/\/api.w.org\/{rel}","templated":true}]}}