{"id":101254,"date":"2024-09-01T16:03:46","date_gmt":"2024-09-01T14:03:46","guid":{"rendered":"https:\/\/smartfixsl.com\/producto\/non%20class\u00e9\/cabeza-extra-grande-3\/"},"modified":"2025-03-19T01:57:52","modified_gmt":"2025-03-19T00:57:52","slug":"tete-extra-large-2","status":"publish","type":"product","link":"https:\/\/smartfixsl.com\/fr\/produit\/rivets\/s-drive\/tete-extra-large-2\/","title":{"rendered":"T\u00caTE EXTRA LARGE"},"content":{"rendered":"<p>Con\u00e7u pour am\u00e9liorer la rapidit\u00e9 des processus d&rsquo;assemblage, ce rivet offre une <strong>fixation rapide et efficace<\/strong> sans n\u00e9cessiter d&rsquo;outils, gr\u00e2ce \u00e0 sa tige en acier inoxydable qui s&rsquo;installe d&rsquo;un coup de marteau. Il se d\u00e9ploie en 3 parties pour garantir une <strong>fixation solide et fiable<\/strong>.<\/p>\n<p>Id\u00e9al pour le secteur de la construction, offrant une <strong>solution robuste et de haute qualit\u00e9<\/strong><\/p>\n","protected":false},"excerpt":{"rendered":"<p>100% linen, relaxed fit<\/p>\n","protected":false},"featured_media":99433,"template":"","meta":[],"product_brand":[],"product_cat":[348,360],"product_tag":[],"class_list":{"0":"post-101254","1":"product","2":"type-product","3":"status-publish","4":"has-post-thumbnail","6":"product_cat-rivets","7":"product_cat-s-drive","8":"pa_color-red-fr","9":"description-off","11":"first","12":"outofstock","13":"shipping-taxable","14":"product-type-variable","15":"has-default-attributes"},"_links":{"self":[{"href":"https:\/\/smartfixsl.com\/fr\/wp-json\/wp\/v2\/product\/101254","targetHints":{"allow":["GET"]}}],"collection":[{"href":"https:\/\/smartfixsl.com\/fr\/wp-json\/wp\/v2\/product"}],"about":[{"href":"https:\/\/smartfixsl.com\/fr\/wp-json\/wp\/v2\/types\/product"}],"version-history":[{"count":1,"href":"https:\/\/smartfixsl.com\/fr\/wp-json\/wp\/v2\/product\/101254\/revisions"}],"predecessor-version":[{"id":101255,"href":"https:\/\/smartfixsl.com\/fr\/wp-json\/wp\/v2\/product\/101254\/revisions\/101255"}],"wp:featuredmedia":[{"embeddable":true,"href":"https:\/\/smartfixsl.com\/fr\/wp-json\/wp\/v2\/media\/99433"}],"wp:attachment":[{"href":"https:\/\/smartfixsl.com\/fr\/wp-json\/wp\/v2\/media?parent=101254"}],"wp:term":[{"taxonomy":"product_brand","embeddable":true,"href":"https:\/\/smartfixsl.com\/fr\/wp-json\/wp\/v2\/product_brand?post=101254"},{"taxonomy":"product_cat","embeddable":true,"href":"https:\/\/smartfixsl.com\/fr\/wp-json\/wp\/v2\/product_cat?post=101254"},{"taxonomy":"product_tag","embeddable":true,"href":"https:\/\/smartfixsl.com\/fr\/wp-json\/wp\/v2\/product_tag?post=101254"}],"curies":[{"name":"wp","href":"https:\/\/api.w.org\/{rel}","templated":true}]}}