{"id":101259,"date":"2024-08-11T17:58:53","date_gmt":"2024-08-11T15:58:53","guid":{"rendered":"https:\/\/smartfixsl.com\/producto\/non%20class\u00e9\/tuerca-remachable-junta-de-goma\/"},"modified":"2025-03-19T02:06:41","modified_gmt":"2025-03-19T01:06:41","slug":"ecrou-a-riveter-avec-joint-en-caoutchouc","status":"publish","type":"product","link":"https:\/\/smartfixsl.com\/fr\/produit\/autres-produits\/ecrou-a-riveter-avec-joint-en-caoutchouc\/","title":{"rendered":"\u00c9CROU \u00c0 RIVETER AVEC JOINT EN CAOUTCHOUC"},"content":{"rendered":"<p>Con\u00e7u pour \u00e9viter d\u2019endommager les mat\u00e9riaux d\u00e9licats, il est id\u00e9al pour les applications dans les secteurs de l&rsquo;automobile, de l&rsquo;\u00e9lectronique, de la construction et de la marine.<\/p>\n<p>Il offre une fixation s\u00e9curis\u00e9e et un <strong>joint herm\u00e9tique<\/strong> gr\u00e2ce au caoutchouc sous la t\u00eate, parfait pour la protection contre l&rsquo;eau, la poussi\u00e8re et les vibrations.<\/p>\n<p>Fournit une prise durable et r\u00e9sistante dans les environnements exigeants, garantissant des performances fiables dans toutes les conditions.<\/p>\n","protected":false},"excerpt":{"rendered":"<p>100% cotton, white<\/p>\n","protected":false},"featured_media":98947,"template":"","meta":[],"product_brand":[],"product_cat":[346],"product_tag":[],"class_list":{"0":"post-101259","1":"product","2":"type-product","3":"status-publish","4":"has-post-thumbnail","6":"product_cat-autres-produits","7":"pa_color-white-fr","8":"description-off","10":"first","11":"instock","12":"shipping-taxable","13":"purchasable","14":"product-type-simple"},"_links":{"self":[{"href":"https:\/\/smartfixsl.com\/fr\/wp-json\/wp\/v2\/product\/101259","targetHints":{"allow":["GET"]}}],"collection":[{"href":"https:\/\/smartfixsl.com\/fr\/wp-json\/wp\/v2\/product"}],"about":[{"href":"https:\/\/smartfixsl.com\/fr\/wp-json\/wp\/v2\/types\/product"}],"version-history":[{"count":1,"href":"https:\/\/smartfixsl.com\/fr\/wp-json\/wp\/v2\/product\/101259\/revisions"}],"predecessor-version":[{"id":101260,"href":"https:\/\/smartfixsl.com\/fr\/wp-json\/wp\/v2\/product\/101259\/revisions\/101260"}],"wp:featuredmedia":[{"embeddable":true,"href":"https:\/\/smartfixsl.com\/fr\/wp-json\/wp\/v2\/media\/98947"}],"wp:attachment":[{"href":"https:\/\/smartfixsl.com\/fr\/wp-json\/wp\/v2\/media?parent=101259"}],"wp:term":[{"taxonomy":"product_brand","embeddable":true,"href":"https:\/\/smartfixsl.com\/fr\/wp-json\/wp\/v2\/product_brand?post=101259"},{"taxonomy":"product_cat","embeddable":true,"href":"https:\/\/smartfixsl.com\/fr\/wp-json\/wp\/v2\/product_cat?post=101259"},{"taxonomy":"product_tag","embeddable":true,"href":"https:\/\/smartfixsl.com\/fr\/wp-json\/wp\/v2\/product_tag?post=101259"}],"curies":[{"name":"wp","href":"https:\/\/api.w.org\/{rel}","templated":true}]}}