{"id":101263,"date":"2024-08-11T18:01:25","date_gmt":"2024-08-11T16:01:25","guid":{"rendered":"https:\/\/smartfixsl.com\/producto\/non%20class\u00e9\/remaches-s-boom\/"},"modified":"2025-03-19T02:08:46","modified_gmt":"2025-03-19T01:08:46","slug":"rivets-s-boom","status":"publish","type":"product","link":"https:\/\/smartfixsl.com\/fr\/produit\/autres-produits\/rivets-s-boom\/","title":{"rendered":"RIVETS S-BOOM"},"content":{"rendered":"<p>Con\u00e7us pour l&rsquo;union permanente de mat\u00e9riaux haute r\u00e9sistance.<\/p>\n<p>Ils int\u00e8grent une tige exclusive en forme de S qui se dilate lors de l&rsquo;installation, cr\u00e9ant une <strong>fixation s\u00e9curis\u00e9e<\/strong>.<\/p>\n<p>Ils sont couramment utilis\u00e9s dans les applications industrielles, a\u00e9rospatiales et automobiles, <strong>offrant des connexions fiables et r\u00e9sistantes aux vibrations.<\/strong><\/p>\n","protected":false},"excerpt":{"rendered":"<p>100% cotton, white<\/p>\n","protected":false},"featured_media":98944,"template":"","meta":[],"product_brand":[],"product_cat":[346],"product_tag":[],"class_list":{"0":"post-101263","1":"product","2":"type-product","3":"status-publish","4":"has-post-thumbnail","6":"product_cat-autres-produits","7":"pa_color-white-fr","8":"description-off","10":"first","11":"instock","12":"shipping-taxable","13":"purchasable","14":"product-type-simple"},"_links":{"self":[{"href":"https:\/\/smartfixsl.com\/fr\/wp-json\/wp\/v2\/product\/101263","targetHints":{"allow":["GET"]}}],"collection":[{"href":"https:\/\/smartfixsl.com\/fr\/wp-json\/wp\/v2\/product"}],"about":[{"href":"https:\/\/smartfixsl.com\/fr\/wp-json\/wp\/v2\/types\/product"}],"version-history":[{"count":1,"href":"https:\/\/smartfixsl.com\/fr\/wp-json\/wp\/v2\/product\/101263\/revisions"}],"predecessor-version":[{"id":101264,"href":"https:\/\/smartfixsl.com\/fr\/wp-json\/wp\/v2\/product\/101263\/revisions\/101264"}],"wp:featuredmedia":[{"embeddable":true,"href":"https:\/\/smartfixsl.com\/fr\/wp-json\/wp\/v2\/media\/98944"}],"wp:attachment":[{"href":"https:\/\/smartfixsl.com\/fr\/wp-json\/wp\/v2\/media?parent=101263"}],"wp:term":[{"taxonomy":"product_brand","embeddable":true,"href":"https:\/\/smartfixsl.com\/fr\/wp-json\/wp\/v2\/product_brand?post=101263"},{"taxonomy":"product_cat","embeddable":true,"href":"https:\/\/smartfixsl.com\/fr\/wp-json\/wp\/v2\/product_cat?post=101263"},{"taxonomy":"product_tag","embeddable":true,"href":"https:\/\/smartfixsl.com\/fr\/wp-json\/wp\/v2\/product_tag?post=101263"}],"curies":[{"name":"wp","href":"https:\/\/api.w.org\/{rel}","templated":true}]}}