{"id":101267,"date":"2024-08-11T18:02:42","date_gmt":"2024-08-11T16:02:42","guid":{"rendered":"https:\/\/smartfixsl.com\/producto\/non%20class\u00e9\/remaches-s-ply\/"},"modified":"2025-03-19T02:10:30","modified_gmt":"2025-03-19T01:10:30","slug":"rivets-s-ply","status":"publish","type":"product","link":"https:\/\/smartfixsl.com\/fr\/produit\/autres-produits\/rivets-s-ply\/","title":{"rendered":"RIVETS S-PLY"},"content":{"rendered":"<p>Con\u00e7us pour unir en toute s\u00e9curit\u00e9 des mat\u00e9riaux stratifi\u00e9s.<\/p>\n<p>Ils se dilatent lors de l&rsquo;installation pour former une <strong>connexion forte et durable<\/strong>. Couramment utilis\u00e9s dans les applications a\u00e9rospatiales, automobiles et industrielles, les rivets S-Ply garantissent des <strong>connexions fiables et r\u00e9sistantes aux vibrations.<\/strong><\/p>\n","protected":false},"excerpt":{"rendered":"<p>100% cotton, white<\/p>\n","protected":false},"featured_media":98941,"template":"","meta":[],"product_brand":[],"product_cat":[346],"product_tag":[],"class_list":{"0":"post-101267","1":"product","2":"type-product","3":"status-publish","4":"has-post-thumbnail","6":"product_cat-autres-produits","7":"pa_color-white-fr","8":"description-off","10":"first","11":"instock","12":"shipping-taxable","13":"purchasable","14":"product-type-simple"},"_links":{"self":[{"href":"https:\/\/smartfixsl.com\/fr\/wp-json\/wp\/v2\/product\/101267","targetHints":{"allow":["GET"]}}],"collection":[{"href":"https:\/\/smartfixsl.com\/fr\/wp-json\/wp\/v2\/product"}],"about":[{"href":"https:\/\/smartfixsl.com\/fr\/wp-json\/wp\/v2\/types\/product"}],"version-history":[{"count":1,"href":"https:\/\/smartfixsl.com\/fr\/wp-json\/wp\/v2\/product\/101267\/revisions"}],"predecessor-version":[{"id":101268,"href":"https:\/\/smartfixsl.com\/fr\/wp-json\/wp\/v2\/product\/101267\/revisions\/101268"}],"wp:featuredmedia":[{"embeddable":true,"href":"https:\/\/smartfixsl.com\/fr\/wp-json\/wp\/v2\/media\/98941"}],"wp:attachment":[{"href":"https:\/\/smartfixsl.com\/fr\/wp-json\/wp\/v2\/media?parent=101267"}],"wp:term":[{"taxonomy":"product_brand","embeddable":true,"href":"https:\/\/smartfixsl.com\/fr\/wp-json\/wp\/v2\/product_brand?post=101267"},{"taxonomy":"product_cat","embeddable":true,"href":"https:\/\/smartfixsl.com\/fr\/wp-json\/wp\/v2\/product_cat?post=101267"},{"taxonomy":"product_tag","embeddable":true,"href":"https:\/\/smartfixsl.com\/fr\/wp-json\/wp\/v2\/product_tag?post=101267"}],"curies":[{"name":"wp","href":"https:\/\/api.w.org\/{rel}","templated":true}]}}