{"id":101275,"date":"2024-08-11T18:04:10","date_gmt":"2024-08-11T16:04:10","guid":{"rendered":"https:\/\/smartfixsl.com\/producto\/non%20class\u00e9\/remache-macizo\/"},"modified":"2025-03-19T02:14:39","modified_gmt":"2025-03-19T01:14:39","slug":"rivet-plein","status":"publish","type":"product","link":"https:\/\/smartfixsl.com\/fr\/produit\/autres-produits\/rivet-plein\/","title":{"rendered":"RIVET PLEIN"},"content":{"rendered":"<p>Con\u00e7us pour une <strong>fixation permanente et s\u00e9curis\u00e9e<\/strong>, les rivets pleins sont des \u00e9l\u00e9ments de fixation cylindriques avec un axe et une t\u00eate pleins.<\/p>\n<p>Ils sont disponibles dans une vari\u00e9t\u00e9 de mat\u00e9riaux, de styles de t\u00eate et de tailles pour r\u00e9pondre aux besoins divers des projets.<\/p>\n<p>Parfaits pour les applications automobiles, a\u00e9rospatiales, de construction et de machines, les rivets pleins offrent des <strong>connexions solides, fiables et durables<\/strong>, id\u00e9ales pour des environnements \u00e0 forte contrainte et soumis aux vibrations.<\/p>\n","protected":false},"excerpt":{"rendered":"<p>100% cotton, white<\/p>\n","protected":false},"featured_media":99334,"template":"","meta":[],"product_brand":[],"product_cat":[346],"product_tag":[],"class_list":{"0":"post-101275","1":"product","2":"type-product","3":"status-publish","4":"has-post-thumbnail","6":"product_cat-autres-produits","7":"pa_color-white-fr","8":"description-off","10":"first","11":"instock","12":"shipping-taxable","13":"purchasable","14":"product-type-simple"},"_links":{"self":[{"href":"https:\/\/smartfixsl.com\/fr\/wp-json\/wp\/v2\/product\/101275","targetHints":{"allow":["GET"]}}],"collection":[{"href":"https:\/\/smartfixsl.com\/fr\/wp-json\/wp\/v2\/product"}],"about":[{"href":"https:\/\/smartfixsl.com\/fr\/wp-json\/wp\/v2\/types\/product"}],"version-history":[{"count":1,"href":"https:\/\/smartfixsl.com\/fr\/wp-json\/wp\/v2\/product\/101275\/revisions"}],"predecessor-version":[{"id":101276,"href":"https:\/\/smartfixsl.com\/fr\/wp-json\/wp\/v2\/product\/101275\/revisions\/101276"}],"wp:featuredmedia":[{"embeddable":true,"href":"https:\/\/smartfixsl.com\/fr\/wp-json\/wp\/v2\/media\/99334"}],"wp:attachment":[{"href":"https:\/\/smartfixsl.com\/fr\/wp-json\/wp\/v2\/media?parent=101275"}],"wp:term":[{"taxonomy":"product_brand","embeddable":true,"href":"https:\/\/smartfixsl.com\/fr\/wp-json\/wp\/v2\/product_brand?post=101275"},{"taxonomy":"product_cat","embeddable":true,"href":"https:\/\/smartfixsl.com\/fr\/wp-json\/wp\/v2\/product_cat?post=101275"},{"taxonomy":"product_tag","embeddable":true,"href":"https:\/\/smartfixsl.com\/fr\/wp-json\/wp\/v2\/product_tag?post=101275"}],"curies":[{"name":"wp","href":"https:\/\/api.w.org\/{rel}","templated":true}]}}