{"id":101279,"date":"2024-08-11T18:04:44","date_gmt":"2024-08-11T16:04:44","guid":{"rendered":"https:\/\/smartfixsl.com\/producto\/non%20class\u00e9\/smartlock-multigrip\/"},"modified":"2025-03-19T02:18:06","modified_gmt":"2025-03-19T01:18:06","slug":"smartlock-multigrip","status":"publish","type":"product","link":"https:\/\/smartfixsl.com\/fr\/produit\/autres-produits\/smartlock-multigrip\/","title":{"rendered":"SMARTLOCK MULTIGRIP"},"content":{"rendered":"<p>Syst\u00e8me de fixation polyvalent con\u00e7u pour fixer des mat\u00e9riaux de diff\u00e9rentes \u00e9paisseurs en utilisant une seule taille de boulon.<\/p>\n<p>Il int\u00e8gre un collier de blocage qui garantit une <strong>connexion \u00e9tanche et r\u00e9sistante aux vibrations<\/strong>, ce qui le rend id\u00e9al pour les applications dans les secteurs a\u00e9rospatial, automobile et de la construction, o\u00f9 la <strong>fiabilit\u00e9 et l&rsquo;adaptabilit\u00e9<\/strong> sont essentielles.<\/p>\n","protected":false},"excerpt":{"rendered":"<p>100% cotton, white<\/p>\n","protected":false},"featured_media":98932,"template":"","meta":[],"product_brand":[],"product_cat":[346],"product_tag":[],"class_list":{"0":"post-101279","1":"product","2":"type-product","3":"status-publish","4":"has-post-thumbnail","6":"product_cat-autres-produits","7":"pa_color-white-fr","8":"description-off","10":"first","11":"instock","12":"shipping-taxable","13":"purchasable","14":"product-type-simple"},"_links":{"self":[{"href":"https:\/\/smartfixsl.com\/fr\/wp-json\/wp\/v2\/product\/101279","targetHints":{"allow":["GET"]}}],"collection":[{"href":"https:\/\/smartfixsl.com\/fr\/wp-json\/wp\/v2\/product"}],"about":[{"href":"https:\/\/smartfixsl.com\/fr\/wp-json\/wp\/v2\/types\/product"}],"version-history":[{"count":1,"href":"https:\/\/smartfixsl.com\/fr\/wp-json\/wp\/v2\/product\/101279\/revisions"}],"predecessor-version":[{"id":101280,"href":"https:\/\/smartfixsl.com\/fr\/wp-json\/wp\/v2\/product\/101279\/revisions\/101280"}],"wp:featuredmedia":[{"embeddable":true,"href":"https:\/\/smartfixsl.com\/fr\/wp-json\/wp\/v2\/media\/98932"}],"wp:attachment":[{"href":"https:\/\/smartfixsl.com\/fr\/wp-json\/wp\/v2\/media?parent=101279"}],"wp:term":[{"taxonomy":"product_brand","embeddable":true,"href":"https:\/\/smartfixsl.com\/fr\/wp-json\/wp\/v2\/product_brand?post=101279"},{"taxonomy":"product_cat","embeddable":true,"href":"https:\/\/smartfixsl.com\/fr\/wp-json\/wp\/v2\/product_cat?post=101279"},{"taxonomy":"product_tag","embeddable":true,"href":"https:\/\/smartfixsl.com\/fr\/wp-json\/wp\/v2\/product_tag?post=101279"}],"curies":[{"name":"wp","href":"https:\/\/api.w.org\/{rel}","templated":true}]}}