{"id":101283,"date":"2024-10-30T15:09:41","date_gmt":"2024-10-30T14:09:41","guid":{"rendered":"https:\/\/smartfixsl.com\/producto\/non%20class\u00e9\/inserto-de-rosca\/"},"modified":"2025-03-19T02:20:24","modified_gmt":"2025-03-19T01:20:24","slug":"insertion-filetee","status":"publish","type":"product","link":"https:\/\/smartfixsl.com\/fr\/produit\/autres-produits\/insertion-filetee\/","title":{"rendered":"INSERTION FILET\u00c9E"},"content":{"rendered":"<p>Con\u00e7u pour fournir un trou filet\u00e9 durable et r\u00e9utilisable dans des mat\u00e9riaux fins ou mous, il <strong>renforce les trous et garantit une fixation<\/strong> s\u00e9curis\u00e9e dans des applications telles que l&rsquo;\u00e9lectronique, l&rsquo;automobile et la construction.<\/p>\n","protected":false},"excerpt":{"rendered":"<p>100% cotton, white<\/p>\n","protected":false},"featured_media":99328,"template":"","meta":[],"product_brand":[],"product_cat":[346],"product_tag":[],"class_list":{"0":"post-101283","1":"product","2":"type-product","3":"status-publish","4":"has-post-thumbnail","6":"product_cat-autres-produits","7":"pa_color-white-fr","8":"description-off","10":"first","11":"instock","12":"shipping-taxable","13":"purchasable","14":"product-type-simple"},"_links":{"self":[{"href":"https:\/\/smartfixsl.com\/fr\/wp-json\/wp\/v2\/product\/101283","targetHints":{"allow":["GET"]}}],"collection":[{"href":"https:\/\/smartfixsl.com\/fr\/wp-json\/wp\/v2\/product"}],"about":[{"href":"https:\/\/smartfixsl.com\/fr\/wp-json\/wp\/v2\/types\/product"}],"version-history":[{"count":1,"href":"https:\/\/smartfixsl.com\/fr\/wp-json\/wp\/v2\/product\/101283\/revisions"}],"predecessor-version":[{"id":101284,"href":"https:\/\/smartfixsl.com\/fr\/wp-json\/wp\/v2\/product\/101283\/revisions\/101284"}],"wp:featuredmedia":[{"embeddable":true,"href":"https:\/\/smartfixsl.com\/fr\/wp-json\/wp\/v2\/media\/99328"}],"wp:attachment":[{"href":"https:\/\/smartfixsl.com\/fr\/wp-json\/wp\/v2\/media?parent=101283"}],"wp:term":[{"taxonomy":"product_brand","embeddable":true,"href":"https:\/\/smartfixsl.com\/fr\/wp-json\/wp\/v2\/product_brand?post=101283"},{"taxonomy":"product_cat","embeddable":true,"href":"https:\/\/smartfixsl.com\/fr\/wp-json\/wp\/v2\/product_cat?post=101283"},{"taxonomy":"product_tag","embeddable":true,"href":"https:\/\/smartfixsl.com\/fr\/wp-json\/wp\/v2\/product_tag?post=101283"}],"curies":[{"name":"wp","href":"https:\/\/api.w.org\/{rel}","templated":true}]}}