{"id":101287,"date":"2024-08-11T18:05:16","date_gmt":"2024-08-11T16:05:16","guid":{"rendered":"https:\/\/smartfixsl.com\/producto\/non%20class\u00e9\/smartlock-bolt\/"},"modified":"2025-03-19T02:23:00","modified_gmt":"2025-03-19T01:23:00","slug":"smartlock-bolt","status":"publish","type":"product","link":"https:\/\/smartfixsl.com\/fr\/produit\/autres-produits\/smartlock-bolt\/","title":{"rendered":"SMARTLOCK-BOLT"},"content":{"rendered":"<p>Con\u00e7u pour garantir des <strong>connexions s\u00e9curis\u00e9es et r\u00e9sistantes aux vibrations<\/strong>. Il int\u00e8gre un collier de blocage qui saisit le mat\u00e9riau, offrant une <strong>fixation stable et fiable.<\/strong><\/p>\n<p>Id\u00e9al pour les applications dans les secteurs de l&rsquo;automobile, de l&rsquo;a\u00e9rospatiale et de l&rsquo;industrie, il s&rsquo;adapte \u00e0 diff\u00e9rentes \u00e9paisseurs de mat\u00e9riaux et am\u00e9liore l&rsquo;int\u00e9grit\u00e9 des joints.<\/p>\n","protected":false},"excerpt":{"rendered":"<p>100% cotton, white<\/p>\n","protected":false},"featured_media":98929,"template":"","meta":[],"product_brand":[],"product_cat":[346],"product_tag":[],"class_list":{"0":"post-101287","1":"product","2":"type-product","3":"status-publish","4":"has-post-thumbnail","6":"product_cat-autres-produits","7":"pa_color-white-fr","8":"description-off","10":"first","11":"instock","12":"shipping-taxable","13":"purchasable","14":"product-type-simple"},"_links":{"self":[{"href":"https:\/\/smartfixsl.com\/fr\/wp-json\/wp\/v2\/product\/101287","targetHints":{"allow":["GET"]}}],"collection":[{"href":"https:\/\/smartfixsl.com\/fr\/wp-json\/wp\/v2\/product"}],"about":[{"href":"https:\/\/smartfixsl.com\/fr\/wp-json\/wp\/v2\/types\/product"}],"version-history":[{"count":1,"href":"https:\/\/smartfixsl.com\/fr\/wp-json\/wp\/v2\/product\/101287\/revisions"}],"predecessor-version":[{"id":101288,"href":"https:\/\/smartfixsl.com\/fr\/wp-json\/wp\/v2\/product\/101287\/revisions\/101288"}],"wp:featuredmedia":[{"embeddable":true,"href":"https:\/\/smartfixsl.com\/fr\/wp-json\/wp\/v2\/media\/98929"}],"wp:attachment":[{"href":"https:\/\/smartfixsl.com\/fr\/wp-json\/wp\/v2\/media?parent=101287"}],"wp:term":[{"taxonomy":"product_brand","embeddable":true,"href":"https:\/\/smartfixsl.com\/fr\/wp-json\/wp\/v2\/product_brand?post=101287"},{"taxonomy":"product_cat","embeddable":true,"href":"https:\/\/smartfixsl.com\/fr\/wp-json\/wp\/v2\/product_cat?post=101287"},{"taxonomy":"product_tag","embeddable":true,"href":"https:\/\/smartfixsl.com\/fr\/wp-json\/wp\/v2\/product_tag?post=101287"}],"curies":[{"name":"wp","href":"https:\/\/api.w.org\/{rel}","templated":true}]}}