{"id":101291,"date":"2024-10-30T15:08:01","date_gmt":"2024-10-30T14:08:01","guid":{"rendered":"https:\/\/smartfixsl.com\/producto\/non%20class\u00e9\/tornillo-remachable\/"},"modified":"2025-03-19T02:26:06","modified_gmt":"2025-03-19T01:26:06","slug":"vis-a-riveter","status":"publish","type":"product","link":"https:\/\/smartfixsl.com\/fr\/produit\/autres-produits\/vis-a-riveter\/","title":{"rendered":"VIS A RIVETER"},"content":{"rendered":"<p>Con\u00e7u pour des <strong>connexions s\u00fbres et permanentes<\/strong>, combinant les fonctions d&rsquo;un rivet et d&rsquo;une vis. Il permet une installation \u00e0 l&rsquo;aveugle et offre une <strong>fixation s\u00e9curis\u00e9e<\/strong> dans des mat\u00e9riaux accessibles uniquement d&rsquo;un c\u00f4t\u00e9.<\/p>\n<p>Id\u00e9al pour les applications dans l&rsquo;automobile, l&rsquo;\u00e9lectronique et la construction.<\/p>\n","protected":false},"excerpt":{"rendered":"<p>100% cotton, white<\/p>\n","protected":false},"featured_media":99337,"template":"","meta":[],"product_brand":[],"product_cat":[346],"product_tag":[],"class_list":{"0":"post-101291","1":"product","2":"type-product","3":"status-publish","4":"has-post-thumbnail","6":"product_cat-autres-produits","7":"pa_color-white-fr","8":"description-off","10":"first","11":"instock","12":"shipping-taxable","13":"purchasable","14":"product-type-simple"},"_links":{"self":[{"href":"https:\/\/smartfixsl.com\/fr\/wp-json\/wp\/v2\/product\/101291","targetHints":{"allow":["GET"]}}],"collection":[{"href":"https:\/\/smartfixsl.com\/fr\/wp-json\/wp\/v2\/product"}],"about":[{"href":"https:\/\/smartfixsl.com\/fr\/wp-json\/wp\/v2\/types\/product"}],"version-history":[{"count":1,"href":"https:\/\/smartfixsl.com\/fr\/wp-json\/wp\/v2\/product\/101291\/revisions"}],"predecessor-version":[{"id":101292,"href":"https:\/\/smartfixsl.com\/fr\/wp-json\/wp\/v2\/product\/101291\/revisions\/101292"}],"wp:featuredmedia":[{"embeddable":true,"href":"https:\/\/smartfixsl.com\/fr\/wp-json\/wp\/v2\/media\/99337"}],"wp:attachment":[{"href":"https:\/\/smartfixsl.com\/fr\/wp-json\/wp\/v2\/media?parent=101291"}],"wp:term":[{"taxonomy":"product_brand","embeddable":true,"href":"https:\/\/smartfixsl.com\/fr\/wp-json\/wp\/v2\/product_brand?post=101291"},{"taxonomy":"product_cat","embeddable":true,"href":"https:\/\/smartfixsl.com\/fr\/wp-json\/wp\/v2\/product_cat?post=101291"},{"taxonomy":"product_tag","embeddable":true,"href":"https:\/\/smartfixsl.com\/fr\/wp-json\/wp\/v2\/product_tag?post=101291"}],"curies":[{"name":"wp","href":"https:\/\/api.w.org\/{rel}","templated":true}]}}