{"id":101295,"date":"2024-10-30T15:11:08","date_gmt":"2024-10-30T14:11:08","guid":{"rendered":"https:\/\/smartfixsl.com\/producto\/non%20class\u00e9\/tuerca-ciega-autoinsertable\/"},"modified":"2025-03-19T02:29:37","modified_gmt":"2025-03-19T01:29:37","slug":"ecrou-borgne-autosertissable","status":"publish","type":"product","link":"https:\/\/smartfixsl.com\/fr\/produit\/autres-produits\/ecrou-borgne-autosertissable\/","title":{"rendered":"\u00c9CROU BORGNE AUTOSERTISSABLE"},"content":{"rendered":"<p>Con\u00e7ues pour les installations avec un seul point d&rsquo;acc\u00e8s, les \u00e9crous borgnes autobloquants cr\u00e9ent des filetages solides et r\u00e9utilisables dans des mat\u00e9riaux fins, garantissant une<strong> fixation s\u00e9curis\u00e9e en toutes circonstances.<\/strong><\/p>\n<p>Id\u00e9als pour les applications automobiles, \u00e9lectroniques, de construction et de mobilier, ces \u00e9crous sont parfaits pour assurer <strong>durabilit\u00e9 et fiabilit\u00e9<\/strong> dans des espaces confin\u00e9s o\u00f9 les \u00e9crous traditionnels ne peuvent pas \u00eatre utilis\u00e9s.<\/p>\n","protected":false},"excerpt":{"rendered":"<p>100% cotton, white<\/p>\n","protected":false},"featured_media":99340,"template":"","meta":[],"product_brand":[],"product_cat":[346],"product_tag":[],"class_list":{"0":"post-101295","1":"product","2":"type-product","3":"status-publish","4":"has-post-thumbnail","6":"product_cat-autres-produits","7":"pa_color-white-fr","8":"description-off","10":"first","11":"instock","12":"shipping-taxable","13":"purchasable","14":"product-type-simple"},"_links":{"self":[{"href":"https:\/\/smartfixsl.com\/fr\/wp-json\/wp\/v2\/product\/101295","targetHints":{"allow":["GET"]}}],"collection":[{"href":"https:\/\/smartfixsl.com\/fr\/wp-json\/wp\/v2\/product"}],"about":[{"href":"https:\/\/smartfixsl.com\/fr\/wp-json\/wp\/v2\/types\/product"}],"version-history":[{"count":2,"href":"https:\/\/smartfixsl.com\/fr\/wp-json\/wp\/v2\/product\/101295\/revisions"}],"predecessor-version":[{"id":101297,"href":"https:\/\/smartfixsl.com\/fr\/wp-json\/wp\/v2\/product\/101295\/revisions\/101297"}],"wp:featuredmedia":[{"embeddable":true,"href":"https:\/\/smartfixsl.com\/fr\/wp-json\/wp\/v2\/media\/99340"}],"wp:attachment":[{"href":"https:\/\/smartfixsl.com\/fr\/wp-json\/wp\/v2\/media?parent=101295"}],"wp:term":[{"taxonomy":"product_brand","embeddable":true,"href":"https:\/\/smartfixsl.com\/fr\/wp-json\/wp\/v2\/product_brand?post=101295"},{"taxonomy":"product_cat","embeddable":true,"href":"https:\/\/smartfixsl.com\/fr\/wp-json\/wp\/v2\/product_cat?post=101295"},{"taxonomy":"product_tag","embeddable":true,"href":"https:\/\/smartfixsl.com\/fr\/wp-json\/wp\/v2\/product_tag?post=101295"}],"curies":[{"name":"wp","href":"https:\/\/api.w.org\/{rel}","templated":true}]}}