{"id":101300,"date":"2024-10-30T15:12:05","date_gmt":"2024-10-30T14:12:05","guid":{"rendered":"https:\/\/smartfixsl.com\/producto\/non%20class\u00e9\/tuerca-enjaulada\/"},"modified":"2025-03-19T02:31:50","modified_gmt":"2025-03-19T01:31:50","slug":"ecrou-cage","status":"publish","type":"product","link":"https:\/\/smartfixsl.com\/fr\/produit\/autres-produits\/ecrou-cage\/","title":{"rendered":"\u00c9CROU CAGE"},"content":{"rendered":"<p>Con\u00e7us pour des <strong>connexions solides<\/strong> et r\u00e9utilisables dans des mat\u00e9riaux fins. Ils combinent un \u00e9crou carr\u00e9 avec une cage en acier flexible, ce qui permet une <strong>installation facile<\/strong> dans des trous pr\u00e9-perfor\u00e9s. Lors de l&rsquo;installation, la cage maintient l&rsquo;\u00e9crou en place, facilitant ainsi le montage et le d\u00e9montage. Id\u00e9als pour les applications dans les racks de serveurs et les armoires \u00e9lectroniques, ils garantissent un <strong>maintien s\u00fbr et fiable<\/strong> dans les environnements industriels et commerciaux.<\/p>\n","protected":false},"excerpt":{"rendered":"<p>100% cotton, white<\/p>\n","protected":false},"featured_media":99343,"template":"","meta":[],"product_brand":[],"product_cat":[346],"product_tag":[],"class_list":{"0":"post-101300","1":"product","2":"type-product","3":"status-publish","4":"has-post-thumbnail","6":"product_cat-autres-produits","7":"pa_color-white-fr","8":"description-off","10":"first","11":"instock","12":"shipping-taxable","13":"purchasable","14":"product-type-simple"},"_links":{"self":[{"href":"https:\/\/smartfixsl.com\/fr\/wp-json\/wp\/v2\/product\/101300","targetHints":{"allow":["GET"]}}],"collection":[{"href":"https:\/\/smartfixsl.com\/fr\/wp-json\/wp\/v2\/product"}],"about":[{"href":"https:\/\/smartfixsl.com\/fr\/wp-json\/wp\/v2\/types\/product"}],"version-history":[{"count":1,"href":"https:\/\/smartfixsl.com\/fr\/wp-json\/wp\/v2\/product\/101300\/revisions"}],"predecessor-version":[{"id":101301,"href":"https:\/\/smartfixsl.com\/fr\/wp-json\/wp\/v2\/product\/101300\/revisions\/101301"}],"wp:featuredmedia":[{"embeddable":true,"href":"https:\/\/smartfixsl.com\/fr\/wp-json\/wp\/v2\/media\/99343"}],"wp:attachment":[{"href":"https:\/\/smartfixsl.com\/fr\/wp-json\/wp\/v2\/media?parent=101300"}],"wp:term":[{"taxonomy":"product_brand","embeddable":true,"href":"https:\/\/smartfixsl.com\/fr\/wp-json\/wp\/v2\/product_brand?post=101300"},{"taxonomy":"product_cat","embeddable":true,"href":"https:\/\/smartfixsl.com\/fr\/wp-json\/wp\/v2\/product_cat?post=101300"},{"taxonomy":"product_tag","embeddable":true,"href":"https:\/\/smartfixsl.com\/fr\/wp-json\/wp\/v2\/product_tag?post=101300"}],"curies":[{"name":"wp","href":"https:\/\/api.w.org\/{rel}","templated":true}]}}