{"id":101304,"date":"2024-10-30T15:10:33","date_gmt":"2024-10-30T14:10:33","guid":{"rendered":"https:\/\/smartfixsl.com\/producto\/non%20class\u00e9\/tuerca-insertable-de-cabeza-ancha\/"},"modified":"2025-03-19T02:34:18","modified_gmt":"2025-03-19T01:34:18","slug":"ecrou-autosertissable-a-tete-large","status":"publish","type":"product","link":"https:\/\/smartfixsl.com\/fr\/produit\/autres-produits\/ecrou-autosertissable-a-tete-large\/","title":{"rendered":"\u00c9CROU AUTOSERTISSABLE \u00c0 T\u00caTE LARGE"},"content":{"rendered":"<p>Con\u00e7u pour \u00eatre install\u00e9 de mani\u00e8re <strong>permanente<\/strong> dans une feuille fine de mat\u00e9riau, cr\u00e9ant un trou filet\u00e9 <strong>s\u00e9curis\u00e9 et r\u00e9utilisable.<\/strong> Il int\u00e8gre une bride qui offre une plus grande capacit\u00e9 de charge et emp\u00eache les tirages, ce qui le rend id\u00e9al pour les applications automobiles, \u00e9lectroniques et dans la fabrication de m\u00e9taux.<\/p>\n","protected":false},"excerpt":{"rendered":"<p>100% cotton, white<\/p>\n","protected":false},"featured_media":99346,"template":"","meta":[],"product_brand":[],"product_cat":[346],"product_tag":[],"class_list":{"0":"post-101304","1":"product","2":"type-product","3":"status-publish","4":"has-post-thumbnail","6":"product_cat-autres-produits","7":"pa_color-white-fr","8":"description-off","10":"first","11":"instock","12":"shipping-taxable","13":"purchasable","14":"product-type-simple"},"_links":{"self":[{"href":"https:\/\/smartfixsl.com\/fr\/wp-json\/wp\/v2\/product\/101304","targetHints":{"allow":["GET"]}}],"collection":[{"href":"https:\/\/smartfixsl.com\/fr\/wp-json\/wp\/v2\/product"}],"about":[{"href":"https:\/\/smartfixsl.com\/fr\/wp-json\/wp\/v2\/types\/product"}],"version-history":[{"count":1,"href":"https:\/\/smartfixsl.com\/fr\/wp-json\/wp\/v2\/product\/101304\/revisions"}],"predecessor-version":[{"id":101305,"href":"https:\/\/smartfixsl.com\/fr\/wp-json\/wp\/v2\/product\/101304\/revisions\/101305"}],"wp:featuredmedia":[{"embeddable":true,"href":"https:\/\/smartfixsl.com\/fr\/wp-json\/wp\/v2\/media\/99346"}],"wp:attachment":[{"href":"https:\/\/smartfixsl.com\/fr\/wp-json\/wp\/v2\/media?parent=101304"}],"wp:term":[{"taxonomy":"product_brand","embeddable":true,"href":"https:\/\/smartfixsl.com\/fr\/wp-json\/wp\/v2\/product_brand?post=101304"},{"taxonomy":"product_cat","embeddable":true,"href":"https:\/\/smartfixsl.com\/fr\/wp-json\/wp\/v2\/product_cat?post=101304"},{"taxonomy":"product_tag","embeddable":true,"href":"https:\/\/smartfixsl.com\/fr\/wp-json\/wp\/v2\/product_tag?post=101304"}],"curies":[{"name":"wp","href":"https:\/\/api.w.org\/{rel}","templated":true}]}}