{"id":101308,"date":"2024-10-30T15:11:36","date_gmt":"2024-10-30T14:11:36","guid":{"rendered":"https:\/\/smartfixsl.com\/producto\/non%20class\u00e9\/tuerca-remachable-jacknut\/"},"modified":"2025-03-19T02:36:23","modified_gmt":"2025-03-19T01:36:23","slug":"ecrou-rivet-jacknut","status":"publish","type":"product","link":"https:\/\/smartfixsl.com\/fr\/produit\/autres-produits\/ecrou-rivet-jacknut\/","title":{"rendered":"\u00c9CROU RIVET JACKNUT"},"content":{"rendered":"<p>Con\u00e7us pour cr\u00e9er des filetages solides dans des <strong>mat\u00e9riaux fins<\/strong> avec un acc\u00e8s limit\u00e9. Ils combinent un \u00e9crou filet\u00e9 avec une manchon cannel\u00e9 qui s&rsquo;\u00e9tend lorsqu&rsquo;une vis est serr\u00e9e, assurant ainsi une fixation s\u00e9curis\u00e9e. Lors de l&rsquo;installation, le manchon se dilate, garantissant une <strong>connexion filet\u00e9e fiable<\/strong>.<\/p>\n<p>Id\u00e9al pour les applications automobiles, \u00e9lectroniques et de construction, o\u00f9 une fixation s\u00e9curis\u00e9e est n\u00e9cessaire avec un acc\u00e8s depuis un seul c\u00f4t\u00e9.<\/p>\n","protected":false},"excerpt":{"rendered":"<p>100% cotton, white<\/p>\n","protected":false},"featured_media":99349,"template":"","meta":[],"product_brand":[],"product_cat":[346],"product_tag":[],"class_list":{"0":"post-101308","1":"product","2":"type-product","3":"status-publish","4":"has-post-thumbnail","6":"product_cat-autres-produits","7":"pa_color-white-fr","8":"description-off","10":"first","11":"instock","12":"shipping-taxable","13":"purchasable","14":"product-type-simple"},"_links":{"self":[{"href":"https:\/\/smartfixsl.com\/fr\/wp-json\/wp\/v2\/product\/101308","targetHints":{"allow":["GET"]}}],"collection":[{"href":"https:\/\/smartfixsl.com\/fr\/wp-json\/wp\/v2\/product"}],"about":[{"href":"https:\/\/smartfixsl.com\/fr\/wp-json\/wp\/v2\/types\/product"}],"version-history":[{"count":1,"href":"https:\/\/smartfixsl.com\/fr\/wp-json\/wp\/v2\/product\/101308\/revisions"}],"predecessor-version":[{"id":101309,"href":"https:\/\/smartfixsl.com\/fr\/wp-json\/wp\/v2\/product\/101308\/revisions\/101309"}],"wp:featuredmedia":[{"embeddable":true,"href":"https:\/\/smartfixsl.com\/fr\/wp-json\/wp\/v2\/media\/99349"}],"wp:attachment":[{"href":"https:\/\/smartfixsl.com\/fr\/wp-json\/wp\/v2\/media?parent=101308"}],"wp:term":[{"taxonomy":"product_brand","embeddable":true,"href":"https:\/\/smartfixsl.com\/fr\/wp-json\/wp\/v2\/product_brand?post=101308"},{"taxonomy":"product_cat","embeddable":true,"href":"https:\/\/smartfixsl.com\/fr\/wp-json\/wp\/v2\/product_cat?post=101308"},{"taxonomy":"product_tag","embeddable":true,"href":"https:\/\/smartfixsl.com\/fr\/wp-json\/wp\/v2\/product_tag?post=101308"}],"curies":[{"name":"wp","href":"https:\/\/api.w.org\/{rel}","templated":true}]}}